{"id":164,"date":"2015-11-24T10:22:39","date_gmt":"2015-11-24T12:22:39","guid":{"rendered":"http:\/\/www2.bage.ifsul.edu.br\/encif\/?page_id=164"},"modified":"2015-11-25T08:52:09","modified_gmt":"2015-11-25T10:52:09","slug":"destaques","status":"publish","type":"page","link":"http:\/\/www2.bage.ifsul.edu.br\/encif2015\/index.php\/destaques\/","title":{"rendered":"Destaques"},"content":{"rendered":"<table style=\"height: 2568px;\" border=\"0\" width=\"996\" cellspacing=\"0\">\n<colgroup width=\"85\"><\/colgroup>\n<colgroup width=\"192\"><\/colgroup>\n<colgroup width=\"85\"><\/colgroup>\n<colgroup width=\"671\"><\/colgroup>\n<tbody>\n<tr>\n<td align=\"center\" valign=\"middle\" height=\"17\"><b>N\u00edvel<\/b><\/td>\n<td align=\"center\" valign=\"middle\"><b>\u00c1rea do conhecimento<\/b><\/td>\n<td align=\"center\" valign=\"middle\"><b>Modalidade<\/b><\/td>\n<td align=\"center\" valign=\"middle\"><b>Institui\u00e7\u00e3o<\/b><\/td>\n<\/tr>\n<tr>\n<td align=\"left\" valign=\"middle\" height=\"32\">Fundamental<\/td>\n<td align=\"justify\" valign=\"middle\">Ci\u00eancias da natureza e suas tecnologias<\/td>\n<td align=\"justify\" valign=\"middle\">P\u00f4ster<\/td>\n<td align=\"justify\" valign=\"middle\">E.E.E.M. Silveira Martins<\/td>\n<\/tr>\n<tr>\n<td align=\"left\" valign=\"middle\" height=\"17\"><\/td>\n<td colspan=\"3\" align=\"justify\" valign=\"middle\">ARTE E GEOGRAFIA: SUPORTES RECICL\u00c1VEIS E TIPOS DE SOLOS<\/td>\n<\/tr>\n<tr>\n<td align=\"left\" valign=\"middle\" bgcolor=\"#DDDDDD\" height=\"32\">M\u00e9dio \/ T\u00e9cnico<\/td>\n<td align=\"justify\" valign=\"middle\" bgcolor=\"#DDDDDD\">Ci\u00eancias da natureza e suas tecnologias<\/td>\n<td align=\"justify\" valign=\"middle\" bgcolor=\"#DDDDDD\">Oral<\/td>\n<td align=\"justify\" valign=\"middle\" bgcolor=\"#DDDDDD\">IFSul Campus Bag\u00e9<\/td>\n<\/tr>\n<tr>\n<td align=\"left\" valign=\"middle\" bgcolor=\"#DDDDDD\" height=\"17\"><\/td>\n<td colspan=\"3\" align=\"justify\" valign=\"middle\" bgcolor=\"#DDDDDD\">QUALIDADE EXTERNA E INTERNA DE OVOS COMERCIALIZADOS NO MUNIC\u00cdPIO DE BAG\u00c9\/RS<\/td>\n<\/tr>\n<tr>\n<td align=\"left\" valign=\"middle\" height=\"32\">M\u00e9dio \/ T\u00e9cnico<\/td>\n<td align=\"justify\" valign=\"middle\">Ci\u00eancias da natureza e suas tecnologias<\/td>\n<td align=\"justify\" valign=\"middle\">P\u00f4ster<\/td>\n<td align=\"justify\" valign=\"middle\">IFSul Campus Bag\u00e9<\/td>\n<\/tr>\n<tr>\n<td align=\"left\" valign=\"middle\" height=\"17\"><\/td>\n<td colspan=\"3\" align=\"justify\" valign=\"middle\">ATIVIDADE ANTIMICROBIANA IN VITRO DE FILMES DE AMIDO CONTENDO PEDIOCINA FRENTE A Listeria monocytogenes<\/td>\n<\/tr>\n<tr>\n<td align=\"left\" valign=\"middle\" bgcolor=\"#DDDDDD\" height=\"32\">M\u00e9dio \/ T\u00e9cnico<\/td>\n<td align=\"justify\" valign=\"middle\" bgcolor=\"#DDDDDD\">Ci\u00eancias humanas e suas tecnologias<\/td>\n<td align=\"justify\" valign=\"middle\" bgcolor=\"#DDDDDD\">Oral<\/td>\n<td align=\"justify\" valign=\"middle\" bgcolor=\"#DDDDDD\">IFSul Campus Sapucaia<\/td>\n<\/tr>\n<tr>\n<td align=\"left\" valign=\"middle\" bgcolor=\"#DDDDDD\" height=\"17\"><\/td>\n<td colspan=\"3\" align=\"justify\" valign=\"middle\" bgcolor=\"#DDDDDD\">Um estudo das pr\u00e1ticas religiosas dos migrantes senegaleses presentes no eixo da Trensurb na Regi\u00e3o Metropolitana de Porto Alegre\/RS<\/td>\n<\/tr>\n<tr>\n<td align=\"left\" valign=\"middle\" height=\"32\">M\u00e9dio \/ T\u00e9cnico<\/td>\n<td align=\"justify\" valign=\"middle\">Ci\u00eancias humanas e suas tecnologias<\/td>\n<td align=\"justify\" valign=\"middle\">P\u00f4ster<\/td>\n<td align=\"justify\" valign=\"middle\">IFSul Campus Bag\u00e9<\/td>\n<\/tr>\n<tr>\n<td align=\"left\" valign=\"middle\" height=\"17\"><\/td>\n<td colspan=\"3\" align=\"justify\" valign=\"middle\">UM OLHAR SOBRE O IMPACTO SOCIAL DOS PROGRAMAS GOVERNAMENTAIS.<\/td>\n<\/tr>\n<tr>\n<td align=\"left\" valign=\"middle\" bgcolor=\"#DDDDDD\" height=\"32\">M\u00e9dio \/ T\u00e9cnico<\/td>\n<td align=\"justify\" valign=\"middle\" bgcolor=\"#DDDDDD\">Inform\u00e1tica<\/td>\n<td align=\"justify\" valign=\"middle\" bgcolor=\"#DDDDDD\">Oral<\/td>\n<td align=\"justify\" valign=\"middle\" bgcolor=\"#DDDDDD\">IFSul Campus Bag\u00e9<\/td>\n<\/tr>\n<tr>\n<td align=\"left\" valign=\"middle\" bgcolor=\"#DDDDDD\" height=\"17\"><\/td>\n<td colspan=\"3\" align=\"justify\" valign=\"middle\" bgcolor=\"#DDDDDD\">UMA FERRAMENTA GR\u00c1FICA PARA O ESTUDO E AN\u00c1LISE COMPORTAMENTAL DE ALGORITMOS DE ORDENA\u00c7\u00c3O<\/td>\n<\/tr>\n<tr>\n<td align=\"left\" valign=\"middle\" height=\"32\">M\u00e9dio \/ T\u00e9cnico<\/td>\n<td align=\"justify\" valign=\"middle\">Inform\u00e1tica<\/td>\n<td align=\"justify\" valign=\"middle\">P\u00f4ster<\/td>\n<td align=\"justify\" valign=\"middle\">IFSul Campus Bag\u00e9<\/td>\n<\/tr>\n<tr>\n<td align=\"left\" valign=\"middle\" height=\"32\"><\/td>\n<td colspan=\"3\" align=\"justify\" valign=\"middle\">SISTEMA GERENCIADOR PARA AUXILIAR O LEVANTAMENTO DE CAMPO, GERA\u00c7\u00c3O E FORMATA\u00c7\u00c3O DAS INFORMA\u00c7\u00d5ES DE MANEJO DO PARQUE ARBOREO DE BAG\u00c9<\/td>\n<\/tr>\n<tr>\n<td align=\"left\" valign=\"middle\" bgcolor=\"#DDDDDD\" height=\"32\">M\u00e9dio \/ T\u00e9cnico<\/td>\n<td align=\"justify\" valign=\"middle\" bgcolor=\"#DDDDDD\">Linguagens, c\u00f3digos e suas tecnologias<\/td>\n<td align=\"justify\" valign=\"middle\" bgcolor=\"#DDDDDD\">Oral<\/td>\n<td align=\"justify\" valign=\"middle\" bgcolor=\"#DDDDDD\">IFSul Campus Pelotas<\/td>\n<\/tr>\n<tr>\n<td align=\"left\" valign=\"middle\" bgcolor=\"#DDDDDD\" height=\"17\"><\/td>\n<td colspan=\"3\" align=\"justify\" valign=\"middle\" bgcolor=\"#DDDDDD\">Cultura e Lazer nos Asilos de Pelotas<\/td>\n<\/tr>\n<tr>\n<td align=\"left\" valign=\"middle\" height=\"32\">M\u00e9dio \/ T\u00e9cnico<\/td>\n<td align=\"justify\" valign=\"middle\">Linguagens, c\u00f3digos e suas tecnologias<\/td>\n<td align=\"justify\" valign=\"middle\">P\u00f4ster<\/td>\n<td align=\"justify\" valign=\"middle\">IFSul Campus Bag\u00e9<\/td>\n<\/tr>\n<tr>\n<td align=\"left\" valign=\"middle\" height=\"17\"><\/td>\n<td colspan=\"3\" align=\"justify\" valign=\"middle\">IF (IN) FOCO: UMA EXPERI\u00caNCIA COM A PAISAGEM COTIDIANA<\/td>\n<\/tr>\n<tr>\n<td align=\"left\" valign=\"middle\" bgcolor=\"#DDDDDD\" height=\"32\">M\u00e9dio \/ T\u00e9cnico<\/td>\n<td align=\"justify\" valign=\"middle\" bgcolor=\"#DDDDDD\">Matem\u00e1tica e suas tecnologias<\/td>\n<td align=\"justify\" valign=\"middle\" bgcolor=\"#DDDDDD\">Oral<\/td>\n<td align=\"justify\" valign=\"middle\" bgcolor=\"#DDDDDD\">IFSul Campus Ven\u00e2ncio<\/td>\n<\/tr>\n<tr>\n<td align=\"left\" valign=\"middle\" bgcolor=\"#DDDDDD\" height=\"17\"><\/td>\n<td colspan=\"3\" align=\"justify\" valign=\"middle\" bgcolor=\"#DDDDDD\">EDUCA\u00c7\u00c3O FINANCEIRA E FISCAL: NECESSIDADE REAL NA SOCIEDADE ATUAL?<\/td>\n<\/tr>\n<tr>\n<td align=\"left\" valign=\"middle\" height=\"17\">Superior<\/td>\n<td align=\"justify\" valign=\"middle\">Ci\u00eancias Agr\u00e1rias<\/td>\n<td align=\"justify\" valign=\"middle\">Oral<\/td>\n<td align=\"justify\" valign=\"middle\">Urcamp<\/td>\n<\/tr>\n<tr>\n<td align=\"left\" valign=\"middle\" height=\"17\"><\/td>\n<td colspan=\"3\" align=\"justify\" valign=\"middle\">EFICI\u00caNCIA DE TRATAMENTOS INSETICIDAS NO CONTROLE DA TRA\u00c7A-DO-CACHO DA VIDEIRA<\/td>\n<\/tr>\n<tr>\n<td align=\"left\" valign=\"middle\" bgcolor=\"#DDDDDD\" height=\"17\">Superior<\/td>\n<td align=\"justify\" valign=\"middle\" bgcolor=\"#DDDDDD\">Ci\u00eancias Biol\u00f3gicas<\/td>\n<td align=\"justify\" valign=\"middle\" bgcolor=\"#DDDDDD\">Oral<\/td>\n<td align=\"justify\" valign=\"middle\" bgcolor=\"#DDDDDD\">IFSul Campus Visconde da Gra\u00e7a<\/td>\n<\/tr>\n<tr>\n<td align=\"left\" valign=\"middle\" bgcolor=\"#DDDDDD\" height=\"17\"><\/td>\n<td colspan=\"3\" align=\"justify\" valign=\"middle\" bgcolor=\"#DDDDDD\">AN\u00c1LISE DA CAPACIDADE REGENERATIVA DE PLAN\u00c1RIAS DA ESP\u00c9CIE GIRARDIA TIGRINA<\/td>\n<\/tr>\n<tr>\n<td align=\"left\" valign=\"middle\" height=\"17\">Superior<\/td>\n<td align=\"justify\" valign=\"middle\">Ci\u00eancias da Sa\u00fade<\/td>\n<td align=\"justify\" valign=\"middle\">Oral<\/td>\n<td align=\"justify\" valign=\"middle\">Urcamp<\/td>\n<\/tr>\n<tr>\n<td align=\"left\" valign=\"middle\" height=\"17\"><\/td>\n<td colspan=\"3\" align=\"justify\" valign=\"middle\">AVALIA\u00c7\u00c3O DO POTENCIAL ANTIOXIDANTE DE PREPARA\u00c7\u00d5ES COMERCIAIS DE CH\u00c1 VERDE<\/td>\n<\/tr>\n<tr>\n<td align=\"left\" valign=\"middle\" bgcolor=\"#DDDDDD\" height=\"17\">Superior<\/td>\n<td align=\"justify\" valign=\"middle\" bgcolor=\"#DDDDDD\">Ci\u00eancias Exatas e da Terra<\/td>\n<td align=\"justify\" valign=\"middle\" bgcolor=\"#DDDDDD\">Oral<\/td>\n<td align=\"justify\" valign=\"middle\" bgcolor=\"#DDDDDD\">Unipampa Campus Bag\u00e9<\/td>\n<\/tr>\n<tr>\n<td align=\"left\" valign=\"middle\" bgcolor=\"#DDDDDD\" height=\"17\"><\/td>\n<td colspan=\"3\" align=\"justify\" valign=\"middle\" bgcolor=\"#DDDDDD\">UM ESTUDO EXPLORAT\u00d3RIO SOBRE ATITUDES FRENTE O APRENDER E A ESCOLA DE ESTUDANTES DO ENSINO B\u00c1SICO<\/td>\n<\/tr>\n<tr>\n<td align=\"left\" valign=\"middle\" height=\"17\">Superior<\/td>\n<td align=\"justify\" valign=\"middle\">Ci\u00eancias Humanas<\/td>\n<td align=\"justify\" valign=\"middle\">Oral<\/td>\n<td align=\"justify\" valign=\"middle\">Urcamp<\/td>\n<\/tr>\n<tr>\n<td align=\"left\" valign=\"middle\" height=\"17\"><\/td>\n<td colspan=\"3\" align=\"justify\" valign=\"middle\">Teatroterapia na Sa\u00fade Mental: Drama, Criatividade e Alegria<\/td>\n<\/tr>\n<tr>\n<td align=\"left\" valign=\"middle\" bgcolor=\"#DDDDDD\" height=\"17\">Superior<\/td>\n<td align=\"justify\" valign=\"middle\" bgcolor=\"#DDDDDD\">Ci\u00eancias Sociais Aplicadas<\/td>\n<td align=\"justify\" valign=\"middle\" bgcolor=\"#DDDDDD\">Oral<\/td>\n<td align=\"justify\" valign=\"middle\" bgcolor=\"#DDDDDD\">UFPel<\/td>\n<\/tr>\n<tr>\n<td align=\"left\" valign=\"middle\" bgcolor=\"#DDDDDD\" height=\"17\"><\/td>\n<td colspan=\"3\" align=\"justify\" valign=\"middle\" bgcolor=\"#DDDDDD\">AN\u00c1LISE DO EFEITO DA CARBONATA\u00c7\u00c3O NO PROCESSO DE DEGRADA\u00c7\u00c3O DE ESTRUTURAS DE CONCRETO DA CIDADE DE PELOTAS\/RS<\/td>\n<\/tr>\n<tr>\n<td align=\"left\" valign=\"middle\" height=\"17\">Superior<\/td>\n<td align=\"justify\" valign=\"middle\">Engenharias<\/td>\n<td align=\"justify\" valign=\"middle\">Oral<\/td>\n<td align=\"justify\" valign=\"middle\">Unipampa Campus Bag\u00e9<\/td>\n<\/tr>\n<tr>\n<td align=\"left\" valign=\"middle\" height=\"17\"><\/td>\n<td colspan=\"3\" align=\"justify\" valign=\"middle\">DETERMINA\u00c7\u00c3O DAS CARACTERISTICAS DO SUBPRODUTO DA FGD (FLUE GAS DESULFURIZATION) DA COMBUST\u00c3O DO CARV\u00c3O<\/td>\n<\/tr>\n<tr>\n<td align=\"left\" valign=\"middle\" bgcolor=\"#DDDDDD\" height=\"17\">Superior<\/td>\n<td align=\"justify\" valign=\"middle\" bgcolor=\"#DDDDDD\">Lingu\u00edstica, Letras e Artes<\/td>\n<td align=\"justify\" valign=\"middle\" bgcolor=\"#DDDDDD\">Oral<\/td>\n<td align=\"justify\" valign=\"middle\" bgcolor=\"#DDDDDD\">Unipampa Campus Bag\u00e9<\/td>\n<\/tr>\n<tr>\n<td align=\"left\" valign=\"middle\" bgcolor=\"#DDDDDD\" height=\"17\"><\/td>\n<td colspan=\"3\" align=\"justify\" valign=\"middle\" bgcolor=\"#DDDDDD\">O DI\u00c1LOGO NA EXTENS\u00c3O UNIVERSIT\u00c1RIA: UMA EXPERI\u00caNCIA COM A ATIVIDADE \u201cIVO FERRONATO, HIST\u00d3RIAS DE LUTA\u201d<\/td>\n<\/tr>\n<\/tbody>\n<\/table>\n","protected":false},"excerpt":{"rendered":"<p>N\u00edvel \u00c1rea do conhecimento Modalidade Institui\u00e7\u00e3o Fundamental Ci\u00eancias da natureza e suas tecnologias P\u00f4ster E.E.E.M. Silveira Martins ARTE E GEOGRAFIA: SUPORTES RECICL\u00c1VEIS E TIPOS DE SOLOS M\u00e9dio \/ T\u00e9cnico Ci\u00eancias da natureza e suas tecnologias Oral IFSul Campus Bag\u00e9 QUALIDADE EXTERNA E INTERNA DE OVOS COMERCIALIZADOS NO MUNIC\u00cdPIO DE BAG\u00c9\/RS M\u00e9dio \/ T\u00e9cnico Ci\u00eancias da [&hellip;]<\/p>\n","protected":false},"author":1,"featured_media":0,"parent":0,"menu_order":0,"comment_status":"closed","ping_status":"closed","template":"","meta":[],"_links":{"self":[{"href":"http:\/\/www2.bage.ifsul.edu.br\/encif2015\/index.php\/wp-json\/wp\/v2\/pages\/164"}],"collection":[{"href":"http:\/\/www2.bage.ifsul.edu.br\/encif2015\/index.php\/wp-json\/wp\/v2\/pages"}],"about":[{"href":"http:\/\/www2.bage.ifsul.edu.br\/encif2015\/index.php\/wp-json\/wp\/v2\/types\/page"}],"author":[{"embeddable":true,"href":"http:\/\/www2.bage.ifsul.edu.br\/encif2015\/index.php\/wp-json\/wp\/v2\/users\/1"}],"replies":[{"embeddable":true,"href":"http:\/\/www2.bage.ifsul.edu.br\/encif2015\/index.php\/wp-json\/wp\/v2\/comments?post=164"}],"version-history":[{"count":2,"href":"http:\/\/www2.bage.ifsul.edu.br\/encif2015\/index.php\/wp-json\/wp\/v2\/pages\/164\/revisions"}],"predecessor-version":[{"id":169,"href":"http:\/\/www2.bage.ifsul.edu.br\/encif2015\/index.php\/wp-json\/wp\/v2\/pages\/164\/revisions\/169"}],"wp:attachment":[{"href":"http:\/\/www2.bage.ifsul.edu.br\/encif2015\/index.php\/wp-json\/wp\/v2\/media?parent=164"}],"curies":[{"name":"wp","href":"https:\/\/api.w.org\/{rel}","templated":true}]}}