{"id":210,"date":"2020-09-14T02:26:53","date_gmt":"2020-09-14T05:26:53","guid":{"rendered":"http:\/\/www2.bage.ifsul.edu.br\/encif2015\/?page_id=210"},"modified":"2020-09-14T02:26:53","modified_gmt":"2020-09-14T05:26:53","slug":"expediente","status":"publish","type":"page","link":"http:\/\/www2.bage.ifsul.edu.br\/encif2015\/index.php\/expediente\/","title":{"rendered":"Expediente"},"content":{"rendered":"<h5>Comiss\u00e3o&nbsp;Cient\u00edfica<\/h5>\n<p>Giulia D Avila Vieira  &#8211; Mestre em Ci\u00eancias<br \/>\nAlessandro Bastos Ferreira  &#8211; Bacharelado em Sistemas de Informa\u00e7\u00e3o<br \/>\nAline Jaime Leal   &#8211; Doutorado em Educa\u00e7\u00e3o em  Ci\u00eancias<br \/>\nCarlos Em\u00edlio Padilla Severo  &#8211; Doutorado em Inform\u00e1tica na educa\u00e7\u00e3o<br \/>\nDaren Chaves Severo  &#8211; Licenciatura em Letras \u2013 Habilita\u00e7\u00e3o em Portugu\u00eas<br \/>\nFabr\u00edcio da Silva Barboza  &#8211; Doutorado em Manejo e Conserva\u00e7\u00e3o do Solo e da \u00c1gua<br \/>\nFrancisco Barbosa Teixeira  &#8211; Mestre em Ci\u00eancias e Tecnologias na Educa\u00e7\u00e3o<br \/>\nGisele Aparecida Vivan  &#8211; Doutorado em Engenharia Agr\u00edcola<br \/>\nIuri Barcelos Pereira Rocha  &#8211; Mestre em Modelagem Computacional<br \/>\nJosiane Redmer Hinz   &#8211; Doutorado em Letras<br \/>\nLeandro da Silva Camargo   &#8211; Especializa\u00e7\u00e3o em Governan\u00e7a<br \/>\nLisandro Lucas de Lima Moura   &#8211; Mestre em Educa\u00e7\u00e3o<br \/>\nL\u00facia Pereira Dias  &#8211; Mestrado em Veterin\u00e1ria<br \/>\nMaria do Carmo da Silva Fagundes Machado  &#8211; Especializa\u00e7\u00e3o em Produ\u00e7\u00e3o Textual, Leitura e Reda\u00e7\u00e3o<br \/>\nMauro Castro Martin  &#8211; Especializa\u00e7\u00e3o em Governan\u00e7a<br \/>\nM\u00f4nica Daiana de Paula Peters  &#8211; Doutorado em Ci\u00eancias<br \/>\nNei Jairo Fonseca dos Santos Junior  &#8211; Doutorado em Educa\u00e7\u00e3o<br \/>\nRem\u00eddio Alex Pereira Garcia  &#8211; Especializa\u00e7\u00e3o em METODOLOGIA DO ENSINO DA ED. F\u00cdSICA E DO ESPORTE<br \/>\nRoger Endrigo Carvalho Porto  &#8211; Mestrado em Computa\u00e7\u00e3o<br \/>\nRafael Rodrigues Bastos &#8211; Mestrado em Computa\u00e7\u00e3o<br \/>\n<strong>Stela Maris Meister Meira (respons\u00e1vel)<\/strong> &#8211; Doutorado em Ci\u00eancia e Tecnologia de Alimentos<br \/>\nSanta Julia da Silva  &#8211; Mestrado em Antropologia<br \/>\nViviane Aires de Paula  &#8211; Doutorado em Fitotecnia<\/p>\n<p><strong><br \/>\n<\/strong><strong>Periodicidade da publica\u00e7\u00e3o:<\/strong>&nbsp;Anual<\/p>\n<p><strong>Idiomas que ser\u00e3o aceitos os artigos:<\/strong>&nbsp;Portugu\u00eas e espanhol<br \/>\n<strong>Autor corporativo: <\/strong>Instituto Federal de Educa\u00e7\u00e3o, Ci\u00eancia e Tecnologia Sul-rio-grandense (IFSul) C\u00e2mpus Bag\u00e9<br \/>\n<strong>Endere\u00e7o:<\/strong>&nbsp;Av.&nbsp;Leonel de Moura Brizola, 2501 &#8211; Pedra Branca &#8211; Bag\u00e9-RS<\/p>\n","protected":false},"excerpt":{"rendered":"<p>Comiss\u00e3o&nbsp;Cient\u00edfica Giulia D Avila Vieira &#8211; Mestre em Ci\u00eancias Alessandro Bastos Ferreira &#8211; Bacharelado em Sistemas de Informa\u00e7\u00e3o Aline Jaime Leal &#8211; Doutorado em Educa\u00e7\u00e3o em Ci\u00eancias Carlos Em\u00edlio Padilla Severo &#8211; Doutorado em Inform\u00e1tica na educa\u00e7\u00e3o Daren Chaves Severo &#8211; Licenciatura em Letras \u2013 Habilita\u00e7\u00e3o em Portugu\u00eas Fabr\u00edcio da Silva Barboza &#8211; Doutorado em [&hellip;]<\/p>\n","protected":false},"author":1,"featured_media":0,"parent":0,"menu_order":0,"comment_status":"closed","ping_status":"closed","template":"","meta":[],"_links":{"self":[{"href":"http:\/\/www2.bage.ifsul.edu.br\/encif2015\/index.php\/wp-json\/wp\/v2\/pages\/210"}],"collection":[{"href":"http:\/\/www2.bage.ifsul.edu.br\/encif2015\/index.php\/wp-json\/wp\/v2\/pages"}],"about":[{"href":"http:\/\/www2.bage.ifsul.edu.br\/encif2015\/index.php\/wp-json\/wp\/v2\/types\/page"}],"author":[{"embeddable":true,"href":"http:\/\/www2.bage.ifsul.edu.br\/encif2015\/index.php\/wp-json\/wp\/v2\/users\/1"}],"replies":[{"embeddable":true,"href":"http:\/\/www2.bage.ifsul.edu.br\/encif2015\/index.php\/wp-json\/wp\/v2\/comments?post=210"}],"version-history":[{"count":1,"href":"http:\/\/www2.bage.ifsul.edu.br\/encif2015\/index.php\/wp-json\/wp\/v2\/pages\/210\/revisions"}],"predecessor-version":[{"id":211,"href":"http:\/\/www2.bage.ifsul.edu.br\/encif2015\/index.php\/wp-json\/wp\/v2\/pages\/210\/revisions\/211"}],"wp:attachment":[{"href":"http:\/\/www2.bage.ifsul.edu.br\/encif2015\/index.php\/wp-json\/wp\/v2\/media?parent=210"}],"curies":[{"name":"wp","href":"https:\/\/api.w.org\/{rel}","templated":true}]}}