{"id":6,"date":"2015-05-28T14:00:47","date_gmt":"2015-05-28T14:00:47","guid":{"rendered":"http:\/\/127.0.0.1\/wordpress\/?page_id=4"},"modified":"2020-09-14T02:00:49","modified_gmt":"2020-09-14T05:00:49","slug":"home","status":"publish","type":"page","link":"http:\/\/www2.bage.ifsul.edu.br\/encif2015\/","title":{"rendered":"Encontro de Ci\u00eancia e Tecnologia do IFSul \u2013 C\u00e2mpus Bag\u00e9"},"content":{"rendered":"<h4 class=\"western\" style=\"text-align: center;\" align=\"justify\"><\/h4>\n<p class=\"western\" style=\"text-align: justify;\" align=\"justify\"><span style=\"font-family: Arial, serif;\"><span style=\"font-size: medium;\">O <\/span><\/span><span style=\"font-family: Arial, serif;\"><span style=\"font-size: medium;\"><b>2\u00ba ENCIF \u2013 Encontro de Ci\u00eancia e Tecnologia do IFSul\/<\/b><\/span><\/span><span style=\"font-family: Arial, serif;\"><span style=\"font-size: medium;\"><i><b>Campus<\/b><\/i><\/span><\/span><span style=\"font-family: Arial, serif;\"><span style=\"font-size: medium;\"><b> Bag\u00e9<\/b><\/span><\/span> <span style=\"font-family: Arial, serif;\"><span style=\"font-size: medium;\">\u00e9 um evento realizado pelo Instituto Federal de Educa\u00e7\u00e3o, Ci\u00eancia e Tecnologia Sul-Rio-Grandense (IFSul <\/span><\/span><span style=\"font-family: Arial, serif;\"><span style=\"font-size: medium;\"><i>Campus <\/i><\/span><\/span><span style=\"font-family: Arial, serif;\"><span style=\"font-size: medium;\">Bag\u00e9), que ocorrer\u00e1 entre os dias <\/span><\/span><span style=\"font-family: Arial, serif;\"><span style=\"font-size: medium;\"><b>18 e 19 de novembro de 2015<\/b><\/span><\/span><span style=\"font-family: Arial, serif;\"><span style=\"font-size: medium;\">, com a inten\u00e7\u00e3o de promover e incentivar a\u00e7\u00f5es de pesquisa atrav\u00e9s da divulga\u00e7\u00e3o de trabalhos de inicia\u00e7\u00e3o cient\u00edfica, assim como de extens\u00e3o e de inova\u00e7\u00e3o tecnol\u00f3gica.<\/span><\/span><span style=\"font-family: Arial, serif;\"><span style=\"font-size: medium;\"> Al\u00e9m disso<\/span><\/span><span style=\"font-family: Arial, serif;\"><span style=\"font-size: medium;\">, busca-se com o evento aproximar a comunidade escolar do IFSul <\/span><\/span><span style=\"font-family: Arial, serif;\"><span style=\"font-size: medium;\"><i>Campus<\/i><\/span><\/span><span style=\"font-family: Arial, serif;\"><span style=\"font-size: medium;\"> Bag\u00e9 \u00e0s diferentes redes de ensino (municipal, estadual, particular e universidades) e comunidade externa, assim como outros <\/span><\/span><span style=\"font-family: Arial, serif;\"><span style=\"font-size: medium;\"><i>campi <\/i><\/span><\/span><span style=\"font-family: Arial, serif;\"><span style=\"font-size: medium;\">e demais Institutos.<\/span><\/span><\/p>\n<p class=\"western\" align=\"justify\"><span style=\"font-family: Arial, serif;\"><span style=\"font-size: medium;\">O <\/span><\/span><span style=\"font-family: Arial, serif;\"><span style=\"font-size: medium;\"><b>2\u00ba ENCIF<\/b><\/span><\/span><span style=\"font-family: Arial, serif;\"><span style=\"font-size: medium;\"> intenciona aproximar a comunidade escolar\/acad\u00eamica da regi\u00e3o tendo por objetivo de avaliar, valorizar e divulgar a produ\u00e7\u00e3o cient\u00edfica e tecnol\u00f3gica, bem como as a\u00e7\u00f5es extensionistas, sendo um espa\u00e7o aberto a estudantes, docentes e t\u00e9cnico-administrativos para troca de experi\u00eancias por meio de sess\u00e3o de p\u00f4steres, apresenta\u00e7\u00f5es orais, minicursos, mesas redondas e semin\u00e1rios.<\/span><\/span><\/p>\n","protected":false},"excerpt":{"rendered":"<p>O 2\u00ba ENCIF \u2013 Encontro de Ci\u00eancia e Tecnologia do IFSul\/Campus Bag\u00e9 \u00e9 um evento realizado pelo Instituto Federal de Educa\u00e7\u00e3o, Ci\u00eancia e Tecnologia Sul-Rio-Grandense (IFSul Campus Bag\u00e9), que ocorrer\u00e1 entre os dias 18 e 19 de novembro de 2015, com a inten\u00e7\u00e3o de promover e incentivar a\u00e7\u00f5es de pesquisa atrav\u00e9s da divulga\u00e7\u00e3o de trabalhos [&hellip;]<\/p>\n","protected":false},"author":1,"featured_media":0,"parent":0,"menu_order":0,"comment_status":"closed","ping_status":"closed","template":"","meta":[],"_links":{"self":[{"href":"http:\/\/www2.bage.ifsul.edu.br\/encif2015\/index.php\/wp-json\/wp\/v2\/pages\/6"}],"collection":[{"href":"http:\/\/www2.bage.ifsul.edu.br\/encif2015\/index.php\/wp-json\/wp\/v2\/pages"}],"about":[{"href":"http:\/\/www2.bage.ifsul.edu.br\/encif2015\/index.php\/wp-json\/wp\/v2\/types\/page"}],"author":[{"embeddable":true,"href":"http:\/\/www2.bage.ifsul.edu.br\/encif2015\/index.php\/wp-json\/wp\/v2\/users\/1"}],"replies":[{"embeddable":true,"href":"http:\/\/www2.bage.ifsul.edu.br\/encif2015\/index.php\/wp-json\/wp\/v2\/comments?post=6"}],"version-history":[{"count":13,"href":"http:\/\/www2.bage.ifsul.edu.br\/encif2015\/index.php\/wp-json\/wp\/v2\/pages\/6\/revisions"}],"predecessor-version":[{"id":206,"href":"http:\/\/www2.bage.ifsul.edu.br\/encif2015\/index.php\/wp-json\/wp\/v2\/pages\/6\/revisions\/206"}],"wp:attachment":[{"href":"http:\/\/www2.bage.ifsul.edu.br\/encif2015\/index.php\/wp-json\/wp\/v2\/media?parent=6"}],"curies":[{"name":"wp","href":"https:\/\/api.w.org\/{rel}","templated":true}]}}