{"id":7,"date":"2015-05-28T14:01:11","date_gmt":"2015-05-28T14:01:11","guid":{"rendered":"http:\/\/127.0.0.1\/wordpress\/?page_id=7"},"modified":"2015-11-11T15:55:55","modified_gmt":"2015-11-11T17:55:55","slug":"programacao","status":"publish","type":"page","link":"http:\/\/www2.bage.ifsul.edu.br\/encif2015\/index.php\/programacao\/","title":{"rendered":"Programa\u00e7\u00e3o"},"content":{"rendered":"<h5 class=\"western\" style=\"text-align: center;\" align=\"justify\"><b>Dia 18 de novembro<\/b><\/h5>\n<p class=\"western\" align=\"justify\"><b>Manh\u00e3<\/b><\/p>\n<p class=\"western\" align=\"justify\">8h \u2013 Credenciamento, inscri\u00e7\u00e3o para oficinas.<\/p>\n<p class=\"western\" align=\"justify\">10h \u2013 Abertura<\/p>\n<p class=\"western\" align=\"justify\"><b>Tarde<\/b><\/p>\n<p class=\"western\" align=\"justify\">14h \u00e0s 18h \u2013 Apresenta\u00e7\u00f5es orais e de p\u00f4steres<\/p>\n<p class=\"western\" align=\"justify\"><b>Noite<\/b><\/p>\n<p class=\"western\" align=\"justify\">18h \u00e0s 20h \u2013 Palestra\u00a0e\u00a0Atividade Cultural<\/p>\n<h5 class=\"western\" style=\"text-align: center;\" align=\"justify\"><b>Dia 19 de novembro<\/b><\/h5>\n<p class=\"western\" align=\"justify\"><b>Manh\u00e3<\/b><\/p>\n<p class=\"western\" align=\"justify\">8h \u00e0s 12h \u2013 Apresenta\u00e7\u00f5es orais e de p\u00f4steres<\/p>\n<p class=\"western\" align=\"justify\"><b>Tarde<\/b><\/p>\n<p class=\"western\" align=\"justify\">14h \u2013 Oficinas e Mini-cursos<\/p>\n<table border=\"1\" cellspacing=\"0\" cellpadding=\"0\">\n<tbody>\n<tr>\n<td style=\"text-align: center;\" align=\"center\" height=\"17\"><b>T\u00edtulo<\/b><\/td>\n<td style=\"text-align: center;\" align=\"center\"><b>Proponentes<\/b><\/td>\n<td style=\"text-align: center;\" align=\"center\"><b>Vagas<\/b><\/td>\n<\/tr>\n<tr>\n<td style=\"text-align: justify;\" align=\"left\" height=\"17\">Oficina: Feminismo: desconstruindo estere\u00f3tipos<\/td>\n<td style=\"text-align: justify;\" align=\"justify\">D\u00e9bora Strieder Kreuz (Mestra em Hist\u00f3ria) e Tulipa\u00a0Martins Meireles (Mestra em Filosofia).<\/td>\n<td style=\"text-align: center;\" align=\"center\">30<\/td>\n<\/tr>\n<tr>\n<td style=\"text-align: justify;\" align=\"left\" height=\"17\">Minicurso: Integrando Redes Sociais e APIs do Google com sites Web<br \/>\nPr\u00e9-requisito para oficina: Conhecimento em HTML<\/td>\n<td style=\"text-align: justify;\" align=\"left\">Marcelo da Silveira Siedler (Mestre em Ci\u00eancia da Computa\u00e7\u00e3o)<\/td>\n<td style=\"text-align: center;\" align=\"center\">30<\/td>\n<\/tr>\n<tr>\n<td style=\"text-align: justify;\" align=\"left\" height=\"17\">Minicurso: Desmistificando os transg\u00eanicos: afinal eles s\u00e3o seguros ou n\u00e3o?<\/td>\n<td style=\"text-align: justify;\" align=\"left\">Fernanda Cortez Lopes (Doutora em Biologia\u00a0Celular e Molecular)<\/td>\n<td style=\"text-align: center;\" align=\"center\">30<\/td>\n<\/tr>\n<tr>\n<td style=\"text-align: justify;\" align=\"left\" height=\"17\">Minicurso: O\u00a0papel da educa\u00e7\u00e3o ambiental na gest\u00e3o dos\u00a0recursos naturais em escolas do ensino fundamental e\u00a0m\u00e9dio<\/td>\n<td style=\"text-align: justify;\" align=\"left\">Victorya da Silva Gon\u00e7alves (Tecn\u00f3logo em Gest\u00e3o Ambiental)<\/td>\n<td style=\"text-align: center;\" align=\"center\">20<\/td>\n<\/tr>\n<tr>\n<td style=\"text-align: justify;\" align=\"left\" height=\"17\">Oficina: Produ\u00e7\u00e3o org\u00e2nica de tomate<\/td>\n<td style=\"text-align: justify;\" align=\"left\">Denise de Souza Martins (Doutora em Agronomia)<\/td>\n<td style=\"text-align: center;\" align=\"center\">20<\/td>\n<\/tr>\n<\/tbody>\n<\/table>\n<p class=\"western\" align=\"justify\"><b>Noite<\/b><\/p>\n<p class=\"western\" align=\"justify\">18h \u00e0s 20 h \u2013 Premia\u00e7\u00e3o de trabalhos e encerramento<\/p>\n","protected":false},"excerpt":{"rendered":"<p>Dia 18 de novembro Manh\u00e3 8h \u2013 Credenciamento, inscri\u00e7\u00e3o para oficinas. 10h \u2013 Abertura Tarde 14h \u00e0s 18h \u2013 Apresenta\u00e7\u00f5es orais e de p\u00f4steres Noite 18h \u00e0s 20h \u2013 Palestra\u00a0e\u00a0Atividade Cultural Dia 19 de novembro Manh\u00e3 8h \u00e0s 12h \u2013 Apresenta\u00e7\u00f5es orais e de p\u00f4steres Tarde 14h \u2013 Oficinas e Mini-cursos T\u00edtulo Proponentes Vagas Oficina: [&hellip;]<\/p>\n","protected":false},"author":1,"featured_media":0,"parent":0,"menu_order":0,"comment_status":"closed","ping_status":"closed","template":"","meta":[],"_links":{"self":[{"href":"http:\/\/www2.bage.ifsul.edu.br\/encif2015\/index.php\/wp-json\/wp\/v2\/pages\/7"}],"collection":[{"href":"http:\/\/www2.bage.ifsul.edu.br\/encif2015\/index.php\/wp-json\/wp\/v2\/pages"}],"about":[{"href":"http:\/\/www2.bage.ifsul.edu.br\/encif2015\/index.php\/wp-json\/wp\/v2\/types\/page"}],"author":[{"embeddable":true,"href":"http:\/\/www2.bage.ifsul.edu.br\/encif2015\/index.php\/wp-json\/wp\/v2\/users\/1"}],"replies":[{"embeddable":true,"href":"http:\/\/www2.bage.ifsul.edu.br\/encif2015\/index.php\/wp-json\/wp\/v2\/comments?post=7"}],"version-history":[{"count":15,"href":"http:\/\/www2.bage.ifsul.edu.br\/encif2015\/index.php\/wp-json\/wp\/v2\/pages\/7\/revisions"}],"predecessor-version":[{"id":151,"href":"http:\/\/www2.bage.ifsul.edu.br\/encif2015\/index.php\/wp-json\/wp\/v2\/pages\/7\/revisions\/151"}],"wp:attachment":[{"href":"http:\/\/www2.bage.ifsul.edu.br\/encif2015\/index.php\/wp-json\/wp\/v2\/media?parent=7"}],"curies":[{"name":"wp","href":"https:\/\/api.w.org\/{rel}","templated":true}]}}