{"id":324,"date":"2020-09-14T02:22:13","date_gmt":"2020-09-14T05:22:13","guid":{"rendered":"http:\/\/www2.bage.ifsul.edu.br\/encif2017\/?page_id=324"},"modified":"2020-09-14T02:23:57","modified_gmt":"2020-09-14T05:23:57","slug":"expediente","status":"publish","type":"page","link":"http:\/\/www2.bage.ifsul.edu.br\/encif2017\/index.php\/expediente\/","title":{"rendered":"Expediente"},"content":{"rendered":"<h5>Comiss\u00e3o&nbsp;Cient\u00edfica<\/h5>\n<p>Aline Picoli Sonza &#8211; Mestrado em Ensino de F\u00edsica<br \/>\nAnelise Ramires Meneses &#8211; Doutorado em Ci\u00eancias \u2013 \u00canfase em F\u00edsica Te\u00f3rica<br \/>\nAriela Purper &#8211; Especializa\u00e7\u00e3o em Acupuntura Veterin\u00e1ria<br \/>\nDaren Chaves Severo dos Santos &#8211; Licenciatura em Letras \u2013 Habilita\u00e7\u00e3o em Portugu\u00eas<br \/>\nDenise de Souza Martins &#8211; Doutorado em Agronomia<br \/>\nFabricio da Silva Barboza &#8211; Doutorado em Manejo e Conserva\u00e7\u00e3o do Solo e da \u00c1gua<br \/>\nGisele Aparecida Vivan &#8211; Doutorado em Engenharia Agr\u00edcola<br \/>\nJonas Sponchiado &#8211; Doutorado em Biodiversidade Anima<br \/>\nJosiane Redmer Hinz &#8211; Doutorado em Zootecnia<br \/>\nLeandra Zafalon Jaekel &#8211; Doutorado em Tecnologia de Alimentos<br \/>\nMarcel Moscarelli Correa &#8211; Mestrado em Ci\u00eancia da Computa\u00e7\u00e3o<br \/>\n<strong>Max Lindoberto Castro Gon\u00e7alves (respons\u00e1vel)<\/strong> &#8211; Gradua\u00e7\u00e3o em Ci\u00eancias-Habilita\u00e7\u00e3o em Matem\u00e1tica<br \/>\nRafael Rodrigues Bastos &#8211; Mestre em Ci\u00eancia da Computa\u00e7\u00e3o<br \/>\nRoger Junges da Costa &#8211; Doutorado em Ci\u00eancia e Tecnologia de Alimentos<br \/>\nSarah Lemos Cogo Prestes &#8211; Doutorado em Ci\u00eancia e Tecnologia de Alimentos<br \/>\nSuelen dos Santos Garcia &#8211; Doutorado em Fitotecnia<br \/>\nThales Vaz Maciel &#8211; Mestrado em Engenharia da Computa\u00e7\u00e3o<br \/>\nThiago Troina Melendez &#8211; Mestrado Profissional em Ensino de Matem\u00e1tica<br \/>\nViviane Aires de Paula &#8211; Doutora em Fitotecnia<\/p>\n<p><strong><br \/>\n<\/strong><strong>Periodicidade da publica\u00e7\u00e3o:<\/strong>&nbsp;Anual<\/p>\n<p><strong>Idiomas que ser\u00e3o aceitos os artigos:<\/strong>&nbsp;Portugu\u00eas e espanhol<br \/>\n<strong>Autor corporativo: <\/strong>Instituto Federal de Educa\u00e7\u00e3o, Ci\u00eancia e Tecnologia Sul-rio-grandense (IFSul) C\u00e2mpus Bag\u00e9<br \/>\n<strong>Endere\u00e7o:<\/strong>&nbsp;Av.&nbsp;Leonel de Moura Brizola, 2501 &#8211; Pedra Branca &#8211; Bag\u00e9-RS<\/p>\n<p><!-- \/wp:paragraph --><\/p>\n","protected":false},"excerpt":{"rendered":"<p>Comiss\u00e3o&nbsp;Cient\u00edfica Aline Picoli Sonza &#8211; Mestrado em Ensino de F\u00edsica Anelise Ramires Meneses &#8211; Doutorado em Ci\u00eancias \u2013 \u00canfase em F\u00edsica Te\u00f3rica Ariela Purper &#8211; Especializa\u00e7\u00e3o em Acupuntura Veterin\u00e1ria Daren Chaves Severo dos Santos &#8211; Licenciatura em Letras \u2013 Habilita\u00e7\u00e3o em Portugu\u00eas Denise de Souza Martins &#8211; Doutorado em Agronomia Fabricio da Silva Barboza &#8211; [&hellip;]<\/p>\n","protected":false},"author":1,"featured_media":0,"parent":0,"menu_order":0,"comment_status":"closed","ping_status":"closed","template":"","meta":[],"_links":{"self":[{"href":"http:\/\/www2.bage.ifsul.edu.br\/encif2017\/index.php\/wp-json\/wp\/v2\/pages\/324"}],"collection":[{"href":"http:\/\/www2.bage.ifsul.edu.br\/encif2017\/index.php\/wp-json\/wp\/v2\/pages"}],"about":[{"href":"http:\/\/www2.bage.ifsul.edu.br\/encif2017\/index.php\/wp-json\/wp\/v2\/types\/page"}],"author":[{"embeddable":true,"href":"http:\/\/www2.bage.ifsul.edu.br\/encif2017\/index.php\/wp-json\/wp\/v2\/users\/1"}],"replies":[{"embeddable":true,"href":"http:\/\/www2.bage.ifsul.edu.br\/encif2017\/index.php\/wp-json\/wp\/v2\/comments?post=324"}],"version-history":[{"count":3,"href":"http:\/\/www2.bage.ifsul.edu.br\/encif2017\/index.php\/wp-json\/wp\/v2\/pages\/324\/revisions"}],"predecessor-version":[{"id":328,"href":"http:\/\/www2.bage.ifsul.edu.br\/encif2017\/index.php\/wp-json\/wp\/v2\/pages\/324\/revisions\/328"}],"wp:attachment":[{"href":"http:\/\/www2.bage.ifsul.edu.br\/encif2017\/index.php\/wp-json\/wp\/v2\/media?parent=324"}],"curies":[{"name":"wp","href":"https:\/\/api.w.org\/{rel}","templated":true}]}}