{"id":6,"date":"2015-05-28T14:00:47","date_gmt":"2015-05-28T14:00:47","guid":{"rendered":"http:\/\/127.0.0.1\/wordpress\/?page_id=4"},"modified":"2020-09-14T01:56:42","modified_gmt":"2020-09-14T04:56:42","slug":"home","status":"publish","type":"page","link":"http:\/\/www2.bage.ifsul.edu.br\/encif2017\/","title":{"rendered":"Encontro de Ci\u00eancia e Tecnologia do IFSul \u2013 C\u00e2mpus Bag\u00e9"},"content":{"rendered":"<p class=\"western\" style=\"text-align: justify;\" align=\"justify\">Nos dias 12 e 13 de setembro de 2017 ser\u00e1 realizada a 3\u00aa Edi\u00e7\u00e3o do&nbsp;ENCIF, cujo objetivo principal \u00e9 promover e incentivar a\u00e7\u00f5es de pesquisa atrav\u00e9s da divulga\u00e7\u00e3o de trabalhos de inicia\u00e7\u00e3o cient\u00edfica,&nbsp;extens\u00e3o e inova\u00e7\u00e3o tecnol\u00f3gica. O evento busca a integra\u00e7\u00e3o entre a&nbsp;comunidade escolar\/acad\u00eamica do IFSul &#8211; C\u00e2mpus Bag\u00e9 e as demais&nbsp;redes de ensino (municipal, estadual, particular), universidades\/faculdades, comunidade externa, bem como outros&nbsp;c\u00e2mpus do IFSul e demais Institutos.<\/p>\n<p style=\"text-align: justify;\">Assim como nos anos anteriores, o 3\u00b0 ENCIF oferecer\u00e1 espa\u00e7o aberto&nbsp;a estudantes e servidores para troca de experi\u00eancias por meio de&nbsp;sess\u00e3o de p\u00f4steres, apresenta\u00e7\u00f5es orais, minicursos, mesas&nbsp;redondas e semin\u00e1rios.<\/p>\n<p style=\"text-align: justify;\">OBS.: O 3\u00b0 ENCIF estava agendado para ocorrer em dezembro de 2016, no&nbsp;entanto, devido \u00e0 paralisa\u00e7\u00e3o das atividades do C\u00e2mpus Bag\u00e9 na data&nbsp;prevista, o evento foi adiado. Aqueles que realizaram a inscri\u00e7\u00e3o no&nbsp;ano passado dever\u00e3o, novamente, inscrever seus trabalhos este&nbsp;ano!<\/p>\n<p class=\"western\" style=\"text-align: justify;\" align=\"justify\">\n","protected":false},"excerpt":{"rendered":"<p>Nos dias 12 e 13 de setembro de 2017 ser\u00e1 realizada a 3\u00aa Edi\u00e7\u00e3o do&nbsp;ENCIF, cujo objetivo principal \u00e9 promover e incentivar a\u00e7\u00f5es de pesquisa atrav\u00e9s da divulga\u00e7\u00e3o de trabalhos de inicia\u00e7\u00e3o cient\u00edfica,&nbsp;extens\u00e3o e inova\u00e7\u00e3o tecnol\u00f3gica. O evento busca a integra\u00e7\u00e3o entre a&nbsp;comunidade escolar\/acad\u00eamica do IFSul &#8211; C\u00e2mpus Bag\u00e9 e as demais&nbsp;redes de ensino (municipal, [&hellip;]<\/p>\n","protected":false},"author":1,"featured_media":0,"parent":0,"menu_order":0,"comment_status":"closed","ping_status":"closed","template":"","meta":[],"_links":{"self":[{"href":"http:\/\/www2.bage.ifsul.edu.br\/encif2017\/index.php\/wp-json\/wp\/v2\/pages\/6"}],"collection":[{"href":"http:\/\/www2.bage.ifsul.edu.br\/encif2017\/index.php\/wp-json\/wp\/v2\/pages"}],"about":[{"href":"http:\/\/www2.bage.ifsul.edu.br\/encif2017\/index.php\/wp-json\/wp\/v2\/types\/page"}],"author":[{"embeddable":true,"href":"http:\/\/www2.bage.ifsul.edu.br\/encif2017\/index.php\/wp-json\/wp\/v2\/users\/1"}],"replies":[{"embeddable":true,"href":"http:\/\/www2.bage.ifsul.edu.br\/encif2017\/index.php\/wp-json\/wp\/v2\/comments?post=6"}],"version-history":[{"count":19,"href":"http:\/\/www2.bage.ifsul.edu.br\/encif2017\/index.php\/wp-json\/wp\/v2\/pages\/6\/revisions"}],"predecessor-version":[{"id":317,"href":"http:\/\/www2.bage.ifsul.edu.br\/encif2017\/index.php\/wp-json\/wp\/v2\/pages\/6\/revisions\/317"}],"wp:attachment":[{"href":"http:\/\/www2.bage.ifsul.edu.br\/encif2017\/index.php\/wp-json\/wp\/v2\/media?parent=6"}],"curies":[{"name":"wp","href":"https:\/\/api.w.org\/{rel}","templated":true}]}}