{"id":7,"date":"2015-05-28T14:01:11","date_gmt":"2015-05-28T14:01:11","guid":{"rendered":"http:\/\/127.0.0.1\/wordpress\/?page_id=7"},"modified":"2017-06-07T16:30:55","modified_gmt":"2017-06-07T19:30:55","slug":"programacao","status":"publish","type":"page","link":"http:\/\/www2.bage.ifsul.edu.br\/encif2017\/index.php\/programacao\/","title":{"rendered":"Programa\u00e7\u00e3o"},"content":{"rendered":"<table width=\"604\" cellspacing=\"0\" cellpadding=\"7\" bgcolor=\"#c5e0b3\">\n<colgroup>\n<col width=\"98\" \/>\n<col width=\"204\" \/>\n<col width=\"258\" \/><\/colgroup>\n<tbody>\n<tr valign=\"top\">\n<td style=\"text-align: center;\" bgcolor=\"#e2efd9\" width=\"98\"><\/td>\n<td style=\"text-align: center;\" bgcolor=\"#e2efd9\" width=\"204\"><span style=\"font-family: Calibri, serif;\"><span style=\"color: #000000;\"><span style=\"font-family: Arial, serif;\"><span style=\"font-size: medium;\"><b>Ter\u00e7a (12\/09)<\/b><\/span><\/span><\/span><\/span><\/td>\n<td style=\"text-align: center;\" bgcolor=\"#e2efd9\" width=\"258\"><span style=\"font-family: Calibri, serif;\"><span style=\"color: #000000;\"><span style=\"font-family: Arial, serif;\"><span style=\"font-size: medium;\"><b>Quarta (13\/09)<\/b><\/span><\/span><\/span><\/span><\/td>\n<\/tr>\n<tr valign=\"top\">\n<td style=\"text-align: center;\" bgcolor=\"#c5e0b3\" width=\"98\"><span style=\"font-family: Calibri, serif;\"><span style=\"color: #000000;\"><span style=\"font-family: Arial, serif;\"><span style=\"font-size: medium;\">8:30 \u2013 10:00<\/span><\/span><\/span><\/span><\/td>\n<td style=\"text-align: center;\" bgcolor=\"#c5e0b3\" width=\"204\"><span style=\"font-family: Calibri, serif;\"><span style=\"color: #000000;\"><span style=\"font-family: Arial, serif;\"><span style=\"font-size: medium;\">&#8211;<\/span><\/span><\/span><\/span><\/td>\n<td style=\"text-align: center;\" bgcolor=\"#c5e0b3\" width=\"258\"><span style=\"font-family: Calibri, serif;\"><span style=\"color: #000000;\"><span style=\"font-family: Arial, serif;\"><span style=\"font-size: medium;\">Oficinas\/Minicursos<\/span><\/span><\/span><\/span><\/td>\n<\/tr>\n<tr valign=\"top\">\n<td style=\"text-align: center;\" bgcolor=\"#e2efd9\" width=\"98\"><span style=\"font-family: Calibri, serif;\"><span style=\"color: #000000;\"><span style=\"font-family: Arial, serif;\"><span style=\"font-size: medium;\">10:00 \u2013 12:00<\/span><\/span><\/span><\/span><\/td>\n<td style=\"text-align: center;\" bgcolor=\"#e2efd9\" width=\"204\"><span style=\"font-family: Calibri, serif;\"><span style=\"color: #000000;\"><span style=\"font-family: Arial, serif;\"><span style=\"font-size: medium;\">Credenciamento<\/span><\/span><\/span><\/span><\/td>\n<td style=\"text-align: center;\" bgcolor=\"#e2efd9\" width=\"258\"><span style=\"font-family: Calibri, serif;\"><span style=\"color: #000000;\"><span style=\"font-family: Arial, serif;\"><span style=\"font-size: medium;\">Apresenta\u00e7\u00f5es Orais<\/span><\/span><\/span><\/span><\/td>\n<\/tr>\n<tr valign=\"top\">\n<td style=\"text-align: center;\" bgcolor=\"#c5e0b3\" width=\"98\"><span style=\"font-family: Calibri, serif;\"><span style=\"color: #000000;\"><span style=\"font-family: Arial, serif;\"><span style=\"font-size: medium;\">12:00 \u2013 13:30<\/span><\/span><\/span><\/span><\/td>\n<td style=\"text-align: center;\" bgcolor=\"#c5e0b3\" width=\"204\"><span style=\"font-family: Calibri, serif;\"><span style=\"color: #000000;\"><span style=\"font-family: Arial, serif;\"><span style=\"font-size: medium;\">Almo\u00e7o<\/span><\/span><\/span><\/span><\/td>\n<td style=\"text-align: center;\" bgcolor=\"#c5e0b3\" width=\"258\"><span style=\"font-family: Calibri, serif;\"><span style=\"color: #000000;\"><span style=\"font-family: Arial, serif;\"><span style=\"font-size: medium;\">Almo\u00e7o<\/span><\/span><\/span><\/span><\/td>\n<\/tr>\n<tr valign=\"top\">\n<td style=\"text-align: center;\" bgcolor=\"#e2efd9\" width=\"98\"><span style=\"font-family: Calibri, serif;\"><span style=\"color: #000000;\"><span style=\"font-family: Arial, serif;\"><span style=\"font-size: medium;\">13:30 \u2013 14:30<\/span><\/span><\/span><\/span><\/td>\n<td style=\"text-align: center;\" bgcolor=\"#e2efd9\" width=\"204\"><span style=\"font-family: Calibri, serif;\"><span style=\"color: #000000;\"><span style=\"font-family: Arial, serif;\"><span style=\"font-size: medium;\">Palestra Abertura<\/span><\/span><\/span><\/span><\/td>\n<td style=\"text-align: center;\" bgcolor=\"#e2efd9\" width=\"258\"><span style=\"font-family: Calibri, serif;\"><span style=\"color: #000000;\"><span style=\"font-family: Arial, serif;\"><span style=\"font-size: medium;\">P\u00f4ster\/Apresenta\u00e7\u00f5es Orais<\/span><\/span><\/span><\/span><\/td>\n<\/tr>\n<tr valign=\"top\">\n<td style=\"text-align: center;\" bgcolor=\"#c5e0b3\" width=\"98\"><span style=\"font-family: Calibri, serif;\"><span style=\"color: #000000;\"><span style=\"font-family: Arial, serif;\"><span style=\"font-size: medium;\">14:30 \u2013 16:00<\/span><\/span><\/span><\/span><\/td>\n<td style=\"text-align: center;\" bgcolor=\"#c5e0b3\" width=\"204\"><span style=\"font-family: Calibri, serif;\"><span style=\"color: #000000;\"><span style=\"font-family: Arial, serif;\"><span style=\"font-size: medium;\">Oficinas\/Minicursos<\/span><\/span><\/span><\/span><\/td>\n<td style=\"text-align: center;\" bgcolor=\"#c5e0b3\" width=\"258\"><span style=\"font-family: Calibri, serif;\"><span style=\"color: #000000;\"><span style=\"font-family: Arial, serif;\"><span style=\"font-size: medium;\">P\u00f4ster\/Apresenta\u00e7\u00f5es Orais<\/span><\/span><\/span><\/span><\/td>\n<\/tr>\n<tr valign=\"top\">\n<td style=\"text-align: center;\" bgcolor=\"#e2efd9\" width=\"98\"><span style=\"font-family: Calibri, serif;\"><span style=\"color: #000000;\"><span style=\"font-family: Arial, serif;\"><span style=\"font-size: medium;\">16:00 \u2013 18:00<\/span><\/span><\/span><\/span><\/td>\n<td style=\"text-align: center;\" bgcolor=\"#e2efd9\" width=\"204\"><span style=\"font-family: Calibri, serif;\"><span style=\"color: #000000;\"><span style=\"font-family: Arial, serif;\"><span style=\"font-size: medium;\">Coffee &#8211; P\u00f4ster<\/span><\/span><\/span><\/span><\/td>\n<td style=\"text-align: center;\" bgcolor=\"#e2efd9\" width=\"258\"><span style=\"font-family: Calibri, serif;\"><span style=\"color: #000000;\"><span style=\"font-family: Arial, serif;\"><span style=\"font-size: medium;\">Palestra de Encerramento<\/span><\/span><\/span><\/span><\/td>\n<\/tr>\n<tr valign=\"top\">\n<td style=\"text-align: center;\" bgcolor=\"#c5e0b3\" width=\"98\"><span style=\"font-family: Calibri, serif;\"><span style=\"color: #000000;\"><span style=\"font-family: Arial, serif;\"><span style=\"font-size: medium;\">18:00 \u2013 19:00<\/span><\/span><\/span><\/span><\/td>\n<td style=\"text-align: center;\" bgcolor=\"#c5e0b3\" width=\"204\"><span style=\"font-family: Calibri, serif;\"><span style=\"color: #000000;\"><span style=\"font-family: Arial, serif;\"><span style=\"font-size: medium;\">Palco Livre<\/span><\/span><\/span><\/span><\/td>\n<td style=\"text-align: center;\" bgcolor=\"#c5e0b3\" width=\"258\"><span style=\"font-family: Calibri, serif;\"><span style=\"color: #000000;\"><span style=\"font-family: Arial, serif;\"><span style=\"font-size: medium;\">Palco Livre<\/span><\/span><\/span><\/span><\/td>\n<\/tr>\n<tr valign=\"top\">\n<td style=\"text-align: center;\" bgcolor=\"#e2efd9\" width=\"98\"><span style=\"font-family: Calibri, serif;\"><span style=\"color: #000000;\"><span style=\"font-family: Arial, serif;\"><span style=\"font-size: medium;\">19:00 \u2013 21:00<\/span><\/span><\/span><\/span><\/td>\n<td style=\"text-align: center;\" bgcolor=\"#e2efd9\" width=\"204\"><span style=\"font-family: Calibri, serif;\"><span style=\"color: #000000;\"><span style=\"font-family: Arial, serif;\"><span style=\"font-size: medium;\">Mostra de Trabalhos Cursos Noturnos<\/span><\/span><\/span><\/span><\/td>\n<td style=\"text-align: center;\" bgcolor=\"#e2efd9\" width=\"258\"><span style=\"font-family: Calibri, serif;\"><span style=\"color: #000000;\"><span style=\"font-family: Arial, serif;\"><span style=\"font-size: medium;\">Premia\u00e7\u00e3o\/Atividade Cultural<\/span><\/span><\/span><\/span><\/td>\n<\/tr>\n<\/tbody>\n<\/table>\n<h5 style=\"text-align: center;\"><span style=\"font-family: Arial, serif;\"><span style=\"font-size: medium;\"><b>Lista de Oficinas<\/b><\/span><\/span><\/h5>\n<table width=\"642\" cellspacing=\"0\" cellpadding=\"7\" bgcolor=\"#f2f2f2\">\n<colgroup>\n<col width=\"321\" \/>\n<col width=\"321\" \/><\/colgroup>\n<tbody>\n<tr valign=\"top\">\n<td style=\"text-align: center;\" bgcolor=\"#f2f2f2\" width=\"321\"><strong>12\/09 (ter\u00e7a)<\/strong><br \/>\n<strong> 14:30 \u00e0s 16:00<\/strong><\/td>\n<td style=\"text-align: center;\" bgcolor=\"#f2f2f2\" width=\"321\"><strong>13\/09 (quarta)<\/strong><br \/>\n<strong> 8:30 \u00e0s 10h<\/strong><\/td>\n<\/tr>\n<tr valign=\"top\">\n<td bgcolor=\"#ffffff\" width=\"321\"><strong>Cine clube na Escola<\/strong><br \/>\n(30 vagas)<br \/>\nAdriana Gon\u00e7alves e Giuliana Bruni<\/td>\n<td bgcolor=\"#ffffff\" width=\"321\"><strong>Oficina de poesia contempor\u00e2nea: haikai, poema visual e outros encantamentos da palavra<\/strong><br \/>\n(20 vagas)<br \/>\nGiuliana Bruni<\/td>\n<\/tr>\n<tr valign=\"top\">\n<td bgcolor=\"#f2f2f2\" width=\"321\"><strong>O of\u00edcio do historiador nas fontes impressas: A busca pela constru\u00e7\u00e3o de narrativas historiogr\u00e1ficas<\/strong><br \/>\n(25 vagas)<br \/>\n<span style=\"font-family: inherit; font-size: inherit; background-color: #ffffff;\">Alessandro Bica (Unipampa)<\/span><\/td>\n<td bgcolor=\"#f2f2f2\" width=\"321\"><strong>Urbaniza\u00e7\u00e3o em Bag\u00e9<\/strong><br \/>\n(20 vagas)<br \/>\nJosuan Concei\u00e7\u00e3o<\/td>\n<\/tr>\n<tr valign=\"top\">\n<td bgcolor=\"#ffffff\" width=\"321\"><strong>Industrializa\u00e7\u00e3o do Arroz<\/strong><br \/>\n(20 vagas)<br \/>\nJosuan Concei\u00e7\u00e3o<\/td>\n<td bgcolor=\"#ffffff\" width=\"321\"><strong>Arboriza\u00e7\u00e3o Urbana<\/strong><br \/>\n(30 vagas)<br \/>\nDenise Martins<\/td>\n<\/tr>\n<tr valign=\"top\">\n<td bgcolor=\"#f2f2f2\" width=\"321\"><strong>As Caixas Misteriosas da Ci\u00eancia<\/strong><br \/>\n(30 vagas)<br \/>\nGuilherme Marranghello (Unipampa)<\/td>\n<td bgcolor=\"#f2f2f2\" width=\"321\"><strong>Introdu\u00e7\u00e3o ao Latex<\/strong><br \/>\n<span style=\"font-family: inherit; font-size: inherit; background-color: #ffffff;\">(20 vagas)<br \/>\n<\/span>Maur\u00edcio Zahn (UFPel)<\/td>\n<\/tr>\n<tr valign=\"top\">\n<td bgcolor=\"#ffffff\" width=\"321\"><strong>Introdu\u00e7\u00e3o \u00e0 Modelagem computacional utilizando o software Modellus<\/strong><br \/>\n(20 vagas)<br \/>\nPedro Dorneles (Unipampa)<\/td>\n<td bgcolor=\"#ffffff\" width=\"321\"><strong>Introdu\u00e7\u00e3o ao Fortran<\/strong><br \/>\n(20 vagas)<br \/>\nLisiane Meneses (IFSul &#8211; Pelotas)<\/td>\n<\/tr>\n<tr valign=\"top\">\n<td bgcolor=\"#f2f2f2\" width=\"321\"><strong>Criando Anima\u00e7\u00f5es com Unity<\/strong><br \/>\n(25 vagas)<br \/>\nMarcelo Siedler<\/td>\n<td bgcolor=\"#f2f2f2\" width=\"321\"><strong>Oficina de Leitura do NULI<\/strong><br \/>\n(20 vagas)<br \/>\nZila Let\u00edcia (Unipampa)<\/td>\n<\/tr>\n<\/tbody>\n<\/table>\n<p>&nbsp;<\/p>\n","protected":false},"excerpt":{"rendered":"<p>Ter\u00e7a (12\/09) Quarta (13\/09) 8:30 \u2013 10:00 &#8211; Oficinas\/Minicursos 10:00 \u2013 12:00 Credenciamento Apresenta\u00e7\u00f5es Orais 12:00 \u2013 13:30 Almo\u00e7o Almo\u00e7o 13:30 \u2013 14:30 Palestra Abertura P\u00f4ster\/Apresenta\u00e7\u00f5es Orais 14:30 \u2013 16:00 Oficinas\/Minicursos P\u00f4ster\/Apresenta\u00e7\u00f5es Orais 16:00 \u2013 18:00 Coffee &#8211; P\u00f4ster Palestra de Encerramento 18:00 \u2013 19:00 Palco Livre Palco Livre 19:00 \u2013 21:00 Mostra de Trabalhos [&hellip;]<\/p>\n","protected":false},"author":1,"featured_media":0,"parent":0,"menu_order":0,"comment_status":"closed","ping_status":"closed","template":"","meta":[],"_links":{"self":[{"href":"http:\/\/www2.bage.ifsul.edu.br\/encif2017\/index.php\/wp-json\/wp\/v2\/pages\/7"}],"collection":[{"href":"http:\/\/www2.bage.ifsul.edu.br\/encif2017\/index.php\/wp-json\/wp\/v2\/pages"}],"about":[{"href":"http:\/\/www2.bage.ifsul.edu.br\/encif2017\/index.php\/wp-json\/wp\/v2\/types\/page"}],"author":[{"embeddable":true,"href":"http:\/\/www2.bage.ifsul.edu.br\/encif2017\/index.php\/wp-json\/wp\/v2\/users\/1"}],"replies":[{"embeddable":true,"href":"http:\/\/www2.bage.ifsul.edu.br\/encif2017\/index.php\/wp-json\/wp\/v2\/comments?post=7"}],"version-history":[{"count":17,"href":"http:\/\/www2.bage.ifsul.edu.br\/encif2017\/index.php\/wp-json\/wp\/v2\/pages\/7\/revisions"}],"predecessor-version":[{"id":240,"href":"http:\/\/www2.bage.ifsul.edu.br\/encif2017\/index.php\/wp-json\/wp\/v2\/pages\/7\/revisions\/240"}],"wp:attachment":[{"href":"http:\/\/www2.bage.ifsul.edu.br\/encif2017\/index.php\/wp-json\/wp\/v2\/media?parent=7"}],"curies":[{"name":"wp","href":"https:\/\/api.w.org\/{rel}","templated":true}]}}