{"id":393,"date":"2019-01-08T13:13:57","date_gmt":"2019-01-08T15:13:57","guid":{"rendered":"http:\/\/www2.bage.ifsul.edu.br\/encif\/?page_id=393"},"modified":"2020-09-14T02:13:49","modified_gmt":"2020-09-14T05:13:49","slug":"expediente","status":"publish","type":"page","link":"http:\/\/www2.bage.ifsul.edu.br\/encif2018\/index.php\/expediente\/","title":{"rendered":"Expediente"},"content":{"rendered":"<p>Aline Jaime Leal, Doutora em Educa\u00e7\u00e3o em Ci\u00eancias<br \/>\nAline Picoli Sonza, Mestre em Ensino de F\u00edsica<br \/>\nAlissandra Hampel, Doutora em Educa\u00e7\u00e3o<br \/>\nFabiane Sarmento Oliveira Fruet, Doutora em Educa\u00e7\u00e3o<br \/>\nFabr\u00edcio da Silva Barboza, Doutor em Manejo e Conserva\u00e7\u00e3o do Solo e da \u00c1gua<br \/>\nGisele Aparecida Vivan, Doutora em Engenharia Agr\u00edcola<br \/>\nGiulia D&#8217;Avila Vieira, Mestre em Ci\u00eancias<br \/>\nGuilherme da Silva Dannenberg, Doutor em Ci\u00eancia e Tecnologia de Alimentos<br \/>\nJosiane Redmer Hinz, Doutora em Letras<br \/>\nL\u00facia Pereira Dias, Mestre em Veterin\u00e1ria<br \/>\nMaria do Carmo da Silva Fagundes Machado, Licenciada em Letras<br \/>\nMax Lindoberto Castro Gon\u00e7alves, Licenciado em Matem\u00e1tica<br \/>\nPatr\u00edcia Quintana Langone, Doutora em Ecologia<br \/>\nRafael Rodrigues Bastos, Mestre em Ci\u00eancia da Computa\u00e7\u00e3o<br \/>\nRosana Alves Gomes, Mestre em Ci\u00eancia Pol\u00edtica<br \/>\nSarah Lemos Cogo Prestes, Doutora em Ci\u00eancia e Tecnologia de Alimentos<br \/>\nThales Vaz Maciel, Mestre em Computa\u00e7\u00e3o<\/p>\n<p><strong><br \/>\n<\/strong><strong>Periodicidade da publica\u00e7\u00e3o:<\/strong>&nbsp;Anual<\/p>\n<p><strong>Idiomas que ser\u00e3o aceitos os artigos:<\/strong>&nbsp;Portugu\u00eas e espanhol<br \/>\n<strong>Autor corporativo: <\/strong>Instituto Federal de Educa\u00e7\u00e3o, Ci\u00eancia e Tecnologia Sul-rio-grandense (IFSul) C\u00e2mpus Bag\u00e9<br \/>\n<strong>Endere\u00e7o:<\/strong>&nbsp;Av.&nbsp;Leonel de Moura Brizola, 2501 &#8211; Pedra Branca &#8211; Bag\u00e9-RS<\/p>\n","protected":false},"excerpt":{"rendered":"<p>Aline Jaime Leal, Doutora em Educa\u00e7\u00e3o em Ci\u00eancias Aline Picoli Sonza, Mestre em Ensino de F\u00edsica Alissandra Hampel, Doutora em Educa\u00e7\u00e3o Fabiane Sarmento Oliveira Fruet, Doutora em Educa\u00e7\u00e3o Fabr\u00edcio da Silva Barboza, Doutor em Manejo e Conserva\u00e7\u00e3o do Solo e da \u00c1gua Gisele Aparecida Vivan, Doutora em Engenharia Agr\u00edcola Giulia D&#8217;Avila Vieira, Mestre em Ci\u00eancias [&hellip;]<\/p>\n","protected":false},"author":1,"featured_media":0,"parent":0,"menu_order":0,"comment_status":"closed","ping_status":"closed","template":"","meta":[],"_links":{"self":[{"href":"http:\/\/www2.bage.ifsul.edu.br\/encif2018\/index.php\/wp-json\/wp\/v2\/pages\/393"}],"collection":[{"href":"http:\/\/www2.bage.ifsul.edu.br\/encif2018\/index.php\/wp-json\/wp\/v2\/pages"}],"about":[{"href":"http:\/\/www2.bage.ifsul.edu.br\/encif2018\/index.php\/wp-json\/wp\/v2\/types\/page"}],"author":[{"embeddable":true,"href":"http:\/\/www2.bage.ifsul.edu.br\/encif2018\/index.php\/wp-json\/wp\/v2\/users\/1"}],"replies":[{"embeddable":true,"href":"http:\/\/www2.bage.ifsul.edu.br\/encif2018\/index.php\/wp-json\/wp\/v2\/comments?post=393"}],"version-history":[{"count":3,"href":"http:\/\/www2.bage.ifsul.edu.br\/encif2018\/index.php\/wp-json\/wp\/v2\/pages\/393\/revisions"}],"predecessor-version":[{"id":404,"href":"http:\/\/www2.bage.ifsul.edu.br\/encif2018\/index.php\/wp-json\/wp\/v2\/pages\/393\/revisions\/404"}],"wp:attachment":[{"href":"http:\/\/www2.bage.ifsul.edu.br\/encif2018\/index.php\/wp-json\/wp\/v2\/media?parent=393"}],"curies":[{"name":"wp","href":"https:\/\/api.w.org\/{rel}","templated":true}]}}