{"id":7,"date":"2015-05-28T14:01:11","date_gmt":"2015-05-28T17:01:11","guid":{"rendered":"http:\/\/127.0.0.1\/wordpress\/?page_id=7"},"modified":"2019-11-22T13:44:31","modified_gmt":"2019-11-22T15:44:31","slug":"programacao","status":"publish","type":"page","link":"http:\/\/www2.bage.ifsul.edu.br\/encif2019\/index.php\/programacao\/","title":{"rendered":"Programa\u00e7\u00e3o"},"content":{"rendered":"<p><a href=\"http:\/\/www2.bage.ifsul.edu.br\/encif\/wp-content\/uploads\/2015\/05\/programacao_encif_2019_.jpeg\"><img loading=\"lazy\" class=\"aligncenter size-full wp-image-472\" src=\"http:\/\/www2.bage.ifsul.edu.br\/encif\/wp-content\/uploads\/2015\/05\/programacao_encif_2019_.jpeg\" alt=\"programacao_encif_2019_\" width=\"1191\" height=\"748\" srcset=\"http:\/\/www2.bage.ifsul.edu.br\/encif2019\/wp-content\/uploads\/2015\/05\/programacao_encif_2019_.jpeg 1191w, http:\/\/www2.bage.ifsul.edu.br\/encif2019\/wp-content\/uploads\/2015\/05\/programacao_encif_2019_-300x188.jpeg 300w, http:\/\/www2.bage.ifsul.edu.br\/encif2019\/wp-content\/uploads\/2015\/05\/programacao_encif_2019_-1024x643.jpeg 1024w\" sizes=\"(max-width: 1191px) 100vw, 1191px\" \/><\/a><\/p>\n<h1 style=\"text-align: center;\">OFICINAS<\/h1>\n<h3 style=\"text-align: center;\">MANH\u00c3<\/h3>\n<p style=\"text-align: justify;\">08:30 O aplicativo DESMOS como ferramenta de ensino-aprendizagem de Matem\u00e1tica \u2013 20 vagas, ministrantes: Fernanda Gabriela Morais Madruga Munhoz, Vinicius Amaro Ferreira da Silva, Thamires Sampaio Pontes de Matos, Vera Lucia Duarte Ferreira e Denice Aparecida Fontana Nisxota Menegais, local: laborat\u00f3rio 1 de inform\u00e1tica.<\/p>\n<p style=\"text-align: justify;\">08:30 Oficina Canvas: coloque em pr\u00e1tica suas ideias \u2013 30 vagas, ministrantes: Monique Evelly Gon\u00e7alves, Maria Eduarda Rocha e Marileia Corr\u00eaa Camargo, local laborat\u00f3rio 2 de Inform\u00e1tica.<\/p>\n<p style=\"text-align: justify;\">8:30 Elabora\u00e7\u00e3o de mapas no QGIS \u2013 15 pessoas, ministrante: Edgar Henrique de Castro local: Laborat\u00f3rio 3 de Inform\u00e1tica.<\/p>\n<p style=\"text-align: justify;\">10:30 \u2013 12:00 Fabrica\u00e7\u00e3o de sab\u00e3o \u2013 10 pessoas, ministrante: Ana L\u00facia Pereira Ferreira de Quadros, local: Laborat\u00f3rio de Bromatologia, Bloco Agroind\u00fastria.<\/p>\n<p>10:30 \u2013 12:00 Hortas urbanas \u2013 15 vagas, ministrante: Raquel Silviana Neitzke, local: Bloco Agropecu\u00e1ria.<\/p>\n<p style=\"text-align: justify;\">08:30 \u2013 10:00 Produ\u00e7\u00e3o de mudas \u2013 10 vagas, ministrante: M\u00e1rcio Espinosa de Farias, local: Bloco Agropecu\u00e1ria.<\/p>\n<p style=\"text-align: justify;\">8:30 Leituras e cinema: hist\u00f3ria de mulheres \u2013 20 vagas, ministrante: Celo\u00ed Pereira, local: sala de aula 1.<\/p>\n<p style=\"text-align: justify;\">8:30 Feminilidades e masculinidades: defini\u00e7\u00f5es em constru\u00e7\u00e3o \u2013 30 vagas, ministrante: C\u00e1ssia R. Gon\u00e7alves e Emiliano Kelm, local: sala de aula 2.<\/p>\n<p style=\"text-align: justify;\">8:30 T\u00e9cnicas de estudo \u2013 15 vagas, ministrante: Alissandra Hampel, local: sala de aula 3.<\/p>\n<p style=\"text-align: justify;\">08:30 T\u00e9cnicas para invent\u00e1rio arb\u00f3reo urbano e identifica\u00e7\u00e3o de \u00e1rvores com uso de QRCode \u2013 30 vagas, ministrantes: Ketleen Grala, Rennata Oliveira, Milena Galvani Rodrigues de Almeida, Diovana Santos dos Santos Habermann, local: sala de aula 4.<\/p>\n<p style=\"text-align: justify;\">08:30 A import\u00e2ncia dos jogos no ensino de Matem\u00e1tica \u2013 20 vagas, ministrantes: Najara de Jesus, J\u00falia Goulart Berdet, Guilherme Alves de Lima Varella, Simone Azambuja Collares e Denice Aparecida Fontana Nisxota Menegais, local: sala de aula 5. Recurso: precisa instalar o leitor de QRCODE no celular.<\/p>\n<p style=\"text-align: justify;\">08:30 Aprendendo Libras \u2013 20 vagas, ministrante: Aline Machado Quadros Pacheco, local: sala de aula 6.<\/p>\n<p style=\"text-align: justify;\">08:30 Astrofotografia na pr\u00e1tica \u2013 70 vagas, ministrante: Gabriel Leite Azambuja, local: Miniaudit\u00f3rio.<\/p>\n<h3 style=\"text-align: center;\">NOITE<\/h3>\n<p style=\"text-align: justify;\">19:00 Pesquisa de fraudes em leite \u2013 15 vagas, ministrante: Stela Maris Meister Meira, local: laborat\u00f3rio de Microbiologia, Bloco Agroind\u00fastria.<\/p>\n<p style=\"text-align: justify;\">19:00 Oficina de doces cremosos e compotas industriais \u2013 15 vagas, ministrante: M\u00e1rcia Adriana Gomes da Silveira, local: Bloco Agroind\u00fastria.<\/p>\n<p style=\"text-align: justify;\">19:00 Java is dead?! \u2013 70 vagas, ministrante: Rodrigo Figueira de Freitas, local: Miniaudit\u00f3rio.<\/p>\n<p style=\"text-align: justify;\">19:00 Oficina Primeiros Socorros \u2013 20 vagas, ministrante: Jaline Jobim Campos. Sala de aula 1.<\/p>\n<p>&nbsp;<\/p>\n","protected":false},"excerpt":{"rendered":"<p>OFICINAS MANH\u00c3 08:30 O aplicativo DESMOS como ferramenta de ensino-aprendizagem de Matem\u00e1tica \u2013 20 vagas, ministrantes: Fernanda Gabriela Morais Madruga Munhoz, Vinicius Amaro Ferreira da Silva, Thamires Sampaio Pontes de Matos, Vera Lucia Duarte Ferreira e Denice Aparecida Fontana Nisxota Menegais, local: laborat\u00f3rio 1 de inform\u00e1tica. 08:30 Oficina Canvas: coloque em pr\u00e1tica suas ideias \u2013 [&hellip;]<\/p>\n","protected":false},"author":1,"featured_media":0,"parent":0,"menu_order":0,"comment_status":"closed","ping_status":"closed","template":"","meta":[],"_links":{"self":[{"href":"http:\/\/www2.bage.ifsul.edu.br\/encif2019\/index.php\/wp-json\/wp\/v2\/pages\/7"}],"collection":[{"href":"http:\/\/www2.bage.ifsul.edu.br\/encif2019\/index.php\/wp-json\/wp\/v2\/pages"}],"about":[{"href":"http:\/\/www2.bage.ifsul.edu.br\/encif2019\/index.php\/wp-json\/wp\/v2\/types\/page"}],"author":[{"embeddable":true,"href":"http:\/\/www2.bage.ifsul.edu.br\/encif2019\/index.php\/wp-json\/wp\/v2\/users\/1"}],"replies":[{"embeddable":true,"href":"http:\/\/www2.bage.ifsul.edu.br\/encif2019\/index.php\/wp-json\/wp\/v2\/comments?post=7"}],"version-history":[{"count":27,"href":"http:\/\/www2.bage.ifsul.edu.br\/encif2019\/index.php\/wp-json\/wp\/v2\/pages\/7\/revisions"}],"predecessor-version":[{"id":475,"href":"http:\/\/www2.bage.ifsul.edu.br\/encif2019\/index.php\/wp-json\/wp\/v2\/pages\/7\/revisions\/475"}],"wp:attachment":[{"href":"http:\/\/www2.bage.ifsul.edu.br\/encif2019\/index.php\/wp-json\/wp\/v2\/media?parent=7"}],"curies":[{"name":"wp","href":"https:\/\/api.w.org\/{rel}","templated":true}]}}