{"id":393,"date":"2019-01-08T13:13:57","date_gmt":"2019-01-08T15:13:57","guid":{"rendered":"http:\/\/www2.bage.ifsul.edu.br\/encif\/?page_id=393"},"modified":"2022-07-14T12:10:48","modified_gmt":"2022-07-14T15:10:48","slug":"expediente","status":"publish","type":"page","link":"http:\/\/www2.bage.ifsul.edu.br\/encif2022\/index.php\/expediente\/","title":{"rendered":"Expediente"},"content":{"rendered":"<h5>Comiss\u00e3o\u00a0Cient\u00edfica<\/h5>\n<p><strong>Carlos Em\u00edlio Padilla Severo (Respons\u00e1vel)<\/strong> &#8211; Doutorado em Inform\u00e1tica<br \/>\nAline Leal \u2013 Doutorado em Educa\u00e7\u00e3o em Ci\u00eancias<br \/>\nAlissandra Hampel &#8211; Doutorado em Educa\u00e7\u00e3o<br \/>\nAnelise Ramires Meneses &#8211; Doutorado em F\u00edsica<br \/>\nClarissa Ricalde Gerv\u00e1sio\u00a0&#8211; Doutorado em Ci\u00eancias e Tecnologia de Sementes<br \/>\nDiego de Abreu Porcellis \u2013 Mestrado em Modelagem Computacional<br \/>\nEmilena Teixeira Munhoz \u2013 Gradua\u00e7\u00e3o em Psicologia<br \/>\nGiulia D Avila Viiera \u2013 Mestrado em Ci\u00eancias<br \/>\nJosiane Redmer Hinz \u2013 Doutorado em Lingu\u00edstica<br \/>\nLeandra Zafalon Jaekel \u2013 Doutorado em Tecnologia de Alimentos<br \/>\nLisandro Lucas de Lima Moura &#8211; Doutorado em Antropologia<br \/>\nMarcelo Benevenga Sarmento &#8211; Doutorado em Ci\u00eancias e Tecnologia de Sementes<br \/>\nMarcelo Dourado Moncks &#8211; Doutorado em Ci\u00eancias e Engenharia de Materiais<br \/>\nMariane Pereira Rocha &#8211; Mestrado em Letras<br \/>\nMax Lindoberto Gon\u00e7alves \u2013 Mestrado em Matem\u00e1tica<br \/>\nRafael Hansen Madail \u2013 Doutorado em Fisiologia Vegetal<br \/>\nRafael Rodrigues Bastos \u2013 Mestrado em Ci\u00eancia da Computa\u00e7\u00e3o<br \/>\nRaquel Silviana Neitzke \u2013 Doutorado em Agronomia<br \/>\nRoger Junges da Costa \u2013 Doutorado em Ci\u00eancia e Tecnologia de Alimentos<br \/>\nSamuel Rodrigues F\u00e9lix \u2013 Doutorado em Veterin\u00e1ria<br \/>\nSarah Lemos Cogo \u2013 Doutorado em Ci\u00eancia e Tecnologia de Alimentos<br \/>\nStela Maris Meister Meira \u2013 Doutorado em Ci\u00eancia e Tecnologia de Alimentos<br \/>\nThales Vaz Maciel &#8211; Doutorado em Modelagem Computacional<br \/>\nTiaraju Molina Andreazza &#8211; Doutorado em Filosofia<br \/>\nVivian Brusius Cassal &#8211; Doutorado em Zootecnia<\/p>\n<p><strong><br \/>\n<\/strong><strong>Periodicidade da publica\u00e7\u00e3o:<\/strong>\u00a0Anual<\/p>\n<p><strong>Idiomas que ser\u00e3o aceitos os artigos:<\/strong>\u00a0Portugu\u00eas e espanhol<br \/>\n<strong>Autor corporativo: <\/strong>Instituto Federal de Educa\u00e7\u00e3o, Ci\u00eancia e Tecnologia Sul-rio-grandense (IFSul) C\u00e2mpus Bag\u00e9<br \/>\n<strong>Endere\u00e7o:<\/strong>\u00a0Av.\u00a0Leonel de Moura Brizola, 2501 &#8211; Pedra Branca &#8211; Bag\u00e9-RS<\/p>\n","protected":false},"excerpt":{"rendered":"<p>Comiss\u00e3o\u00a0Cient\u00edfica Carlos Em\u00edlio Padilla Severo (Respons\u00e1vel) &#8211; Doutorado em Inform\u00e1tica Aline Leal \u2013 Doutorado em Educa\u00e7\u00e3o em Ci\u00eancias Alissandra Hampel &#8211; Doutorado em Educa\u00e7\u00e3o Anelise Ramires Meneses &#8211; Doutorado em F\u00edsica Clarissa Ricalde Gerv\u00e1sio\u00a0&#8211; Doutorado em Ci\u00eancias e Tecnologia de Sementes Diego de Abreu Porcellis \u2013 Mestrado em Modelagem Computacional Emilena Teixeira Munhoz \u2013 Gradua\u00e7\u00e3o [&hellip;]<\/p>\n","protected":false},"author":1,"featured_media":0,"parent":0,"menu_order":0,"comment_status":"closed","ping_status":"closed","template":"","meta":[],"_links":{"self":[{"href":"http:\/\/www2.bage.ifsul.edu.br\/encif2022\/index.php\/wp-json\/wp\/v2\/pages\/393"}],"collection":[{"href":"http:\/\/www2.bage.ifsul.edu.br\/encif2022\/index.php\/wp-json\/wp\/v2\/pages"}],"about":[{"href":"http:\/\/www2.bage.ifsul.edu.br\/encif2022\/index.php\/wp-json\/wp\/v2\/types\/page"}],"author":[{"embeddable":true,"href":"http:\/\/www2.bage.ifsul.edu.br\/encif2022\/index.php\/wp-json\/wp\/v2\/users\/1"}],"replies":[{"embeddable":true,"href":"http:\/\/www2.bage.ifsul.edu.br\/encif2022\/index.php\/wp-json\/wp\/v2\/comments?post=393"}],"version-history":[{"count":12,"href":"http:\/\/www2.bage.ifsul.edu.br\/encif2022\/index.php\/wp-json\/wp\/v2\/pages\/393\/revisions"}],"predecessor-version":[{"id":533,"href":"http:\/\/www2.bage.ifsul.edu.br\/encif2022\/index.php\/wp-json\/wp\/v2\/pages\/393\/revisions\/533"}],"wp:attachment":[{"href":"http:\/\/www2.bage.ifsul.edu.br\/encif2022\/index.php\/wp-json\/wp\/v2\/media?parent=393"}],"curies":[{"name":"wp","href":"https:\/\/api.w.org\/{rel}","templated":true}]}}