{"id":6,"date":"2015-05-28T14:00:47","date_gmt":"2015-05-28T14:00:47","guid":{"rendered":"http:\/\/127.0.0.1\/wordpress\/?page_id=4"},"modified":"2023-10-02T16:07:39","modified_gmt":"2023-10-02T19:07:39","slug":"home","status":"publish","type":"page","link":"http:\/\/www2.bage.ifsul.edu.br\/encif2023\/","title":{"rendered":"Encontro de Ci\u00eancia e Tecnologia do IFSul &#8211; C\u00e2mpus Bag\u00e9"},"content":{"rendered":"\n<h2 class=\"has-text-align-center has-medium-font-size\"><\/h2>\n\n\n\n<style>\np {-webkit-hyphens: none;\n-moz-hyphens: none;\n-ms-hyphens: none;\nhyphens: none;\ntext-align: justify;}\n<\/style>\n<p>O 7\u00ba ENCIF \u2013 Encontro de Ci\u00eancia e Tecnologia do IFSul ocorrer\u00e1 de 04 a 06 de dezembro de 2023. O evento tem como objetivo promover e incentivar a divulga\u00e7\u00e3o de trabalhos de inicia\u00e7\u00e3o cient\u00edfica, ensino, extens\u00e3o e de inova\u00e7\u00e3o tecnol\u00f3gica. Al\u00e9m disso, busca-se com o evento aproximar a comunidade escolar do IFSul C\u00e2mpus Bag\u00e9 das diferentes redes de ensino (municipal, estadual, particular e universidades) e comunidade externa em geral, assim como outros c\u00e2mpus do IFSul e demais Institutos.<\/p>\n","protected":false},"excerpt":{"rendered":"<p>O 7\u00ba ENCIF \u2013 Encontro de Ci\u00eancia e Tecnologia do IFSul ocorrer\u00e1 de 04 a 06 de dezembro de 2023. O evento tem como objetivo promover e incentivar a divulga\u00e7\u00e3o de trabalhos de inicia\u00e7\u00e3o cient\u00edfica, ensino, extens\u00e3o e de inova\u00e7\u00e3o tecnol\u00f3gica. Al\u00e9m disso, busca-se com o evento aproximar a comunidade escolar do IFSul C\u00e2mpus Bag\u00e9 [&hellip;]<\/p>\n","protected":false},"author":1,"featured_media":0,"parent":0,"menu_order":0,"comment_status":"closed","ping_status":"closed","template":"","meta":[],"_links":{"self":[{"href":"http:\/\/www2.bage.ifsul.edu.br\/encif2023\/index.php\/wp-json\/wp\/v2\/pages\/6"}],"collection":[{"href":"http:\/\/www2.bage.ifsul.edu.br\/encif2023\/index.php\/wp-json\/wp\/v2\/pages"}],"about":[{"href":"http:\/\/www2.bage.ifsul.edu.br\/encif2023\/index.php\/wp-json\/wp\/v2\/types\/page"}],"author":[{"embeddable":true,"href":"http:\/\/www2.bage.ifsul.edu.br\/encif2023\/index.php\/wp-json\/wp\/v2\/users\/1"}],"replies":[{"embeddable":true,"href":"http:\/\/www2.bage.ifsul.edu.br\/encif2023\/index.php\/wp-json\/wp\/v2\/comments?post=6"}],"version-history":[{"count":32,"href":"http:\/\/www2.bage.ifsul.edu.br\/encif2023\/index.php\/wp-json\/wp\/v2\/pages\/6\/revisions"}],"predecessor-version":[{"id":618,"href":"http:\/\/www2.bage.ifsul.edu.br\/encif2023\/index.php\/wp-json\/wp\/v2\/pages\/6\/revisions\/618"}],"wp:attachment":[{"href":"http:\/\/www2.bage.ifsul.edu.br\/encif2023\/index.php\/wp-json\/wp\/v2\/media?parent=6"}],"curies":[{"name":"wp","href":"https:\/\/api.w.org\/{rel}","templated":true}]}}