{"id":7,"date":"2015-05-28T14:01:11","date_gmt":"2015-05-28T17:01:11","guid":{"rendered":"http:\/\/127.0.0.1\/wordpress\/?page_id=7"},"modified":"2023-10-25T16:49:00","modified_gmt":"2023-10-25T19:49:00","slug":"programacao","status":"publish","type":"page","link":"http:\/\/www2.bage.ifsul.edu.br\/encif2023\/index.php\/programacao\/","title":{"rendered":"Programa\u00e7\u00e3o"},"content":{"rendered":"<h1 style=\"text-align: center;\">04 de dezembro de 2023<\/h1>\n<h3 style=\"text-align: center;\">NOITE<\/h3>\n<p style=\"text-align: justify;\">19:00 &#8211; Apresenta\u00e7\u00e3o Cultural<br \/>19:30 &#8211; Palestra de Abertura<\/p>\n<h1 style=\"text-align: center;\">05 de dezembro de 2023<\/h1>\n<h3 style=\"text-align: center;\">MANH\u00c3<\/h3>\n<p style=\"text-align: justify;\">08:30 \u2013 12:00 &#8211; Apresenta\u00e7\u00e3o de p\u00f4steres &#8211; Ensino Fundamental<br \/>08:30 \u2013 12:00 &#8211; Oficinas e Minicursos<br \/>09:00 \u2013 10:00 &#8211; Avalia\u00e7\u00e3o dos P\u00f4steres<br \/>10:00 \u2013 10:15 &#8211; Caf\u00e9<\/p>\n<h3 style=\"text-align: center;\">TARDE<\/h3>\n<p style=\"text-align: justify;\">13:30 \u2013 17:30 &#8211; Apresenta\u00e7\u00e3o de p\u00f4steres &#8211; Ensino M\u00e9dio<br \/>13:30 \u2013 17:30 &#8211; Oficinas e Minicursos<br \/>15:00 \u2013 16:00 &#8211; Avalia\u00e7\u00e3o dos P\u00f4steres<br \/>16:00 \u2013 16:15 &#8211; Caf\u00e9<\/p>\n<h3 style=\"text-align: center;\">NOITE<\/h3>\n<p style=\"text-align: justify;\">19:00 &#8211; Apresenta\u00e7\u00e3o de projetos dos cursos de Tecnologia em Alimentos e Tecnologia em An\u00e1lise e Desenvolvimento de Sistemas<br \/>20:00 \u2013 20:15 &#8211; Caf\u00e9<\/p>\n<h1 style=\"text-align: center;\">06 de dezembro de 2023<\/h1>\n<h3 style=\"text-align: center;\">MANH\u00c3<\/h3>\n<p style=\"text-align: justify;\">08:30 \u2013 12:00 &#8211; Apresenta\u00e7\u00f5es Orais &#8211; Ensino M\u00e9dio e Superior<br \/>10:00 \u2013 10:15 &#8211; Caf\u00e9<\/p>\n<h3 style=\"text-align: center;\">TARDE<\/h3>\n<p style=\"text-align: justify;\">13:30 \u2013 16:30 &#8211; Apresenta\u00e7\u00f5es Orais &#8211; Ensino M\u00e9dio e Superior<br \/>16:00 \u2013 16:15 &#8211; Caf\u00e9<br \/>17:00 &#8211; Apresenta\u00e7\u00e3o cultural<br \/>17:00 &#8211; Premia\u00e7\u00f5es<\/p>\n\n\n<p><\/p>\n","protected":false},"excerpt":{"rendered":"<p>04 de dezembro de 2023 NOITE 19:00 &#8211; Apresenta\u00e7\u00e3o Cultural19:30 &#8211; Palestra de Abertura 05 de dezembro de 2023 MANH\u00c3 08:30 \u2013 12:00 &#8211; Apresenta\u00e7\u00e3o de p\u00f4steres &#8211; Ensino Fundamental08:30 \u2013 12:00 &#8211; Oficinas e Minicursos09:00 \u2013 10:00 &#8211; Avalia\u00e7\u00e3o dos P\u00f4steres10:00 \u2013 10:15 &#8211; Caf\u00e9 TARDE 13:30 \u2013 17:30 &#8211; Apresenta\u00e7\u00e3o de p\u00f4steres &#8211; [&hellip;]<\/p>\n","protected":false},"author":1,"featured_media":0,"parent":0,"menu_order":0,"comment_status":"closed","ping_status":"closed","template":"","meta":[],"_links":{"self":[{"href":"http:\/\/www2.bage.ifsul.edu.br\/encif2023\/index.php\/wp-json\/wp\/v2\/pages\/7"}],"collection":[{"href":"http:\/\/www2.bage.ifsul.edu.br\/encif2023\/index.php\/wp-json\/wp\/v2\/pages"}],"about":[{"href":"http:\/\/www2.bage.ifsul.edu.br\/encif2023\/index.php\/wp-json\/wp\/v2\/types\/page"}],"author":[{"embeddable":true,"href":"http:\/\/www2.bage.ifsul.edu.br\/encif2023\/index.php\/wp-json\/wp\/v2\/users\/1"}],"replies":[{"embeddable":true,"href":"http:\/\/www2.bage.ifsul.edu.br\/encif2023\/index.php\/wp-json\/wp\/v2\/comments?post=7"}],"version-history":[{"count":39,"href":"http:\/\/www2.bage.ifsul.edu.br\/encif2023\/index.php\/wp-json\/wp\/v2\/pages\/7\/revisions"}],"predecessor-version":[{"id":634,"href":"http:\/\/www2.bage.ifsul.edu.br\/encif2023\/index.php\/wp-json\/wp\/v2\/pages\/7\/revisions\/634"}],"wp:attachment":[{"href":"http:\/\/www2.bage.ifsul.edu.br\/encif2023\/index.php\/wp-json\/wp\/v2\/media?parent=7"}],"curies":[{"name":"wp","href":"https:\/\/api.w.org\/{rel}","templated":true}]}}