{"id":393,"date":"2019-01-08T13:13:57","date_gmt":"2019-01-08T15:13:57","guid":{"rendered":"http:\/\/www2.bage.ifsul.edu.br\/encif\/?page_id=393"},"modified":"2024-08-22T16:18:05","modified_gmt":"2024-08-22T19:18:05","slug":"expediente","status":"publish","type":"page","link":"http:\/\/www2.bage.ifsul.edu.br\/encif2024\/index.php\/expediente\/","title":{"rendered":"Expediente"},"content":{"rendered":"<h5>Comiss\u00e3o\u00a0Cient\u00edfica<\/h5>\n<p><strong>Aline Jaime Leal<\/strong> \u2013 Doutorado em Educa\u00e7\u00e3o em Ci\u00eancias (Respons\u00e1vel)<br \/><strong>Mariane Pereira Rocha<\/strong> &#8211; Doutorado em Letras (Respons\u00e1vel)<br \/>Alexsandra Paz Trindade \u2013 Mestrado em Educa\u00e7\u00e3o<br \/>Aline Picoli Sonza \u2013 Doutorado em Ensino de Ci\u00eancias e Matem\u00e1tica<br \/>Alissandra Hampel &#8211; Doutora em Educa\u00e7\u00e3o<br \/>Ana Carolina Ribeiro Sanquetta de Pellegrin \u2013 Doutorado em Zootecnia<br \/>Andr\u00e9 de Azambuja Maraschin \u2013 Mestrado em Ensino<br \/>Andrea Bicca Noguez Martins &#8211; Doutorado em Ci\u00eancias<br \/>Caroline Schmechel Schiavon \u2013 Doutorado em F\u00edsica<br \/>Gil Ign\u00e1cio Lara Ca\u00f1izares \u2013 Doutorado em Zootecnia<br \/>Giulia D Avila Vieira &#8211; Mestrado em Ci\u00eancias<br \/>Joice Fernanda L\u00fcbke Bonow \u2013 Doutorado em Agronomia<br \/>Josiane Redmer Hinz \u2013 Doutorado em Letras<br \/>Leandra Zafalon Jaekel \u2013 Doutorado em Tecnologia de Alimentos<br \/>Lisandro Lucas de Lima Moura \u2013 Doutorado em Antropologia<br \/>Max Lindoberto Gon\u00e7alves\u2013 Mestrado em Matem\u00e1tica<br \/>Natalia Centeno Rodrigues &#8211; Mestrado em Direito<br \/>Pablo Andrei Nogara \u2013 Doutorado em Bioqu\u00edmica<br \/>Paulo Rogerio da Rosa Correa &#8211; Mestrado em Filosofia<br \/>Rafael Hansen Madail \u2013 Doutorado em Fisiologia Vegetal<br \/>Rafael Rodrigues Bastos \u2013 Mestrado em Ci\u00eancia da Computa\u00e7\u00e3o<br \/>Raquel Silviana Neitzke \u2013 Doutorado em Agronomia<br \/>Sarah Lemos Cogo \u2013 Doutorado em Ci\u00eancia e Tecnologia de Alimentos<\/p>\n<p><strong>Periodicidade da publica\u00e7\u00e3o:<\/strong>\u00a0Anual<\/p>\n<p><strong>Idiomas que ser\u00e3o aceitos os artigos:<\/strong>\u00a0Portugu\u00eas e espanhol<br \/><strong>Autor corporativo: <\/strong>Instituto Federal de Educa\u00e7\u00e3o, Ci\u00eancia e Tecnologia Sul-rio-grandense (IFSul) C\u00e2mpus Bag\u00e9<br \/><strong>Endere\u00e7o:<\/strong>\u00a0Av.\u00a0Leonel de Moura Brizola, 2501 &#8211; Pedra Branca &#8211; Bag\u00e9-RS<\/p>\n\n\n<p><\/p>\n","protected":false},"excerpt":{"rendered":"<p>Comiss\u00e3o\u00a0Cient\u00edfica Aline Jaime Leal \u2013 Doutorado em Educa\u00e7\u00e3o em Ci\u00eancias (Respons\u00e1vel)Mariane Pereira Rocha &#8211; Doutorado em Letras (Respons\u00e1vel)Alexsandra Paz Trindade \u2013 Mestrado em Educa\u00e7\u00e3oAline Picoli Sonza \u2013 Doutorado em Ensino de Ci\u00eancias e Matem\u00e1ticaAlissandra Hampel &#8211; Doutora em Educa\u00e7\u00e3oAna Carolina Ribeiro Sanquetta de Pellegrin \u2013 Doutorado em ZootecniaAndr\u00e9 de Azambuja Maraschin \u2013 Mestrado em EnsinoAndrea [&hellip;]<\/p>\n","protected":false},"author":1,"featured_media":0,"parent":0,"menu_order":0,"comment_status":"closed","ping_status":"closed","template":"","meta":[],"_links":{"self":[{"href":"http:\/\/www2.bage.ifsul.edu.br\/encif2024\/index.php\/wp-json\/wp\/v2\/pages\/393"}],"collection":[{"href":"http:\/\/www2.bage.ifsul.edu.br\/encif2024\/index.php\/wp-json\/wp\/v2\/pages"}],"about":[{"href":"http:\/\/www2.bage.ifsul.edu.br\/encif2024\/index.php\/wp-json\/wp\/v2\/types\/page"}],"author":[{"embeddable":true,"href":"http:\/\/www2.bage.ifsul.edu.br\/encif2024\/index.php\/wp-json\/wp\/v2\/users\/1"}],"replies":[{"embeddable":true,"href":"http:\/\/www2.bage.ifsul.edu.br\/encif2024\/index.php\/wp-json\/wp\/v2\/comments?post=393"}],"version-history":[{"count":16,"href":"http:\/\/www2.bage.ifsul.edu.br\/encif2024\/index.php\/wp-json\/wp\/v2\/pages\/393\/revisions"}],"predecessor-version":[{"id":716,"href":"http:\/\/www2.bage.ifsul.edu.br\/encif2024\/index.php\/wp-json\/wp\/v2\/pages\/393\/revisions\/716"}],"wp:attachment":[{"href":"http:\/\/www2.bage.ifsul.edu.br\/encif2024\/index.php\/wp-json\/wp\/v2\/media?parent=393"}],"curies":[{"name":"wp","href":"https:\/\/api.w.org\/{rel}","templated":true}]}}