{"id":676,"date":"2024-11-25T13:14:06","date_gmt":"2024-11-25T16:14:06","guid":{"rendered":"http:\/\/www2.bage.ifsul.edu.br\/encif\/?page_id=676"},"modified":"2024-11-25T13:14:06","modified_gmt":"2024-11-25T16:14:06","slug":"destaques","status":"publish","type":"page","link":"http:\/\/www2.bage.ifsul.edu.br\/encif2024\/index.php\/destaques\/","title":{"rendered":"Destaques"},"content":{"rendered":"\n<p class=\"has-text-align-center has-medium-font-size\">Melhores trabalhos por categoria<\/p>\n\n\n\n<figure class=\"wp-block-table is-style-stripes\"><table><thead><tr><th>T\u00edtulo<\/th><th style=\"width: 120px;\">Escolaridade<\/th><th style=\"width: 100px;\">Modalidade<\/th><th style=\"width: 120px;\">\u00c1rea do conhecimento<\/th><\/tr><\/thead><tbody><tr><td>PROJETO \u00c1GUA PARA TODOS: ARROIO BAG\u00c9 E SUAS PROPRIEDADES<\/td><td>Fundamental<\/td><td>P\u00f4ster<\/td><td>Ci\u00eancias da natureza e suas tecnologias<\/td><\/tr>\n<tr><td>UM RESGATE HIST\u00d3RICO DO MARCO GA\u00daCHO DAS \u00c1GUAS<\/td><td>Fundamental<\/td><td>P\u00f4ster<\/td><td>Ci\u00eancias humanas e suas tecnologias<\/td><\/tr>\n<tr><td>A MODELAGEM 3D E O PECS NA CRIA\u00c7\u00c3O DE UM MATERIAL ASSISTIVO PARA COMUNICA\u00c7\u00c3O ALTERNATIVA DE PESSOAS COM AUTISMO N\u00c3O VERBAL<\/td><td>Fundamental<\/td><td>P\u00f4ster<\/td><td>Linguagens, c\u00f3digos e suas tecnologias<\/td><\/tr>\n<tr><td>FOG\u00c3O SOLAR PARAB\u00d3LICO: DA TEORIA A PR\u00c1TICA<\/td><td>Fundamental<\/td><td>P\u00f4ster<\/td><td>Matem\u00e1tica e suas tecnologias<\/td><\/tr>\n<tr><td>A IMPORT\u00c2NCIA DOS MICRORGANISMOS EFICIENTES NA AGROPECU\u00c1RIA<\/td><td>M\u00e9dio \/ T\u00e9cnico<\/td><td>P\u00f4ster<\/td><td>Ci\u00eancias Agr\u00e1rias<\/td><\/tr>\n<tr><td>ECOAVENTURA: JOGO DE TABULEIRO PARA EDUCA\u00c7\u00c3O AMBIENTAL<\/td><td>M\u00e9dio \/ T\u00e9cnico<\/td><td>P\u00f4ster<\/td><td>Ci\u00eancias Biol\u00f3gicas<\/td><\/tr>\n<tr><td>AVENTURAS DIGITAIS MATEM\u00c1TICAS: EXPLORANDO O ENSINO L\u00daDICO<\/td><td>M\u00e9dio \/ T\u00e9cnico<\/td><td>P\u00f4ster<\/td><td>Ci\u00eancias da Computa\u00e7\u00e3o<\/td><\/tr>\n<tr><td>BE MY COMPANY (BMC): UMA PLATAFORMA DE INTERVEN\u00c7\u00c3O PSICOSSOCIAL E SUPORTE EMOCIONAL PARA A POPULA\u00c7\u00c3O IDOSA<\/td><td>M\u00e9dio \/ T\u00e9cnico<\/td><td>P\u00f4ster<\/td><td>Ci\u00eancias da Sa\u00fade<\/td><\/tr>\n<tr><td>REMO\u00c7\u00c3O DE COBRE E CROMO EM EFLUENTES SINT\u00c9TICOS UTILIZANDO BIOCARV\u00c3O DA CASCA DE ARROZ COMO BIOSSORVENTE<\/td><td>M\u00e9dio \/ T\u00e9cnico<\/td><td>P\u00f4ster<\/td><td>Ci\u00eancias Exatas e da Terra<\/td><\/tr>\n<tr><td>A M\u00c1FIA DA CONTRAVEN\u00c7\u00c3O<\/td><td>M\u00e9dio \/ T\u00e9cnico<\/td><td>P\u00f4ster<\/td><td>Ci\u00eancias Humanas<\/td><\/tr>\n<tr><td>ATUALIZA\u00c7\u00c3O DO TRICICLO MOVIDO A PEDAL<\/td><td>M\u00e9dio \/ T\u00e9cnico<\/td><td>P\u00f4ster<\/td><td>Engenharias<\/td><\/tr>\n<tr><td>&#8220;A CULPA \u00c9 UMA SOMBRA QUE NUNCA DESAPARECE&#8221;: UMA AN\u00c1LISE DA OBRA &#8220;MAUS&#8221; DE ART SPIEGELMAN<\/td><td>M\u00e9dio \/ T\u00e9cnico<\/td><td>P\u00f4ster<\/td><td>Lingu\u00edstica, Letras e Artes<\/td><\/tr>\n<tr><td>MANEJO DA \u00c1GUA E CONTROLE DE PLANTAS DANINHAS NO ARROZ IRRIGADO<\/td><td>M\u00e9dio \/ T\u00e9cnico<\/td><td>Oral<\/td><td>Ci\u00eancias Agr\u00e1rias<\/td><\/tr>\n<tr><td>USO DA COMPOSTAGEM COMO PR\u00c1TICA DE EDUCA\u00c7\u00c3O AMBIENTAL EM ESCOLA DE ENSINO FUNDAMENTAL<\/td><td>M\u00e9dio \/ T\u00e9cnico<\/td><td>Oral<\/td><td>Ci\u00eancias Biol\u00f3gicas<\/td><\/tr>\n<tr><td>AN\u00c1LISE DE DESEMPENHO DE CODIFICADORES DO PADR\u00c3O HEVC EM ACELERA\u00c7\u00c3O DE HARDWARE<\/td><td>M\u00e9dio \/ T\u00e9cnico<\/td><td>Oral<\/td><td>Ci\u00eancias da Computa\u00e7\u00e3o<\/td><\/tr>\n<tr><td>MECANISMOS DO L\u00daPUS ERITEMATOSO SIST\u00caMICO E ABORDAGENS TERAP\u00caUTICAS: UMA REVIS\u00c3O BIBLIOGR\u00c1FICA<\/td><td>M\u00e9dio \/ T\u00e9cnico<\/td><td>Oral<\/td><td>Ci\u00eancias da Sa\u00fade<\/td><\/tr>\n<tr><td>DESIGN IN S\u00cdLICO DE PEPT\u00cdDEOS ORGANOCALCOG\u00caNICOS NA BUSCA POR INIBIDORES DA MPRO DO SARS-COV-2<\/td><td>M\u00e9dio \/ T\u00e9cnico<\/td><td>Oral<\/td><td>Ci\u00eancias Exatas e da Terra<\/td><\/tr>\n<tr><td>TEMPOS DE PAZ: INTERSEC\u00c7\u00d5ES ENTRE HIST\u00d3RIA, CINEMA E AUTORITARISMO<\/td><td>M\u00e9dio \/ T\u00e9cnico<\/td><td>Oral<\/td><td>Ci\u00eancias Humanas<\/td><\/tr>\n<tr><td>IFCAST: PRODU\u00c7\u00c3O E DIVULA\u00c7\u00c3O DE UM PODCAST EDUCACIONAL, CIENT\u00cdFICO E CULTURAL NO IFSUL C\u00c2MPUS BAG\u00c9<\/td><td>M\u00e9dio \/ T\u00e9cnico<\/td><td>Oral<\/td><td>Ci\u00eancias Sociais Aplicadas<\/td><\/tr>\n<tr><td>CLUBE DO LIVRO: A EVOLU\u00c7\u00c3O DA COMUNIDADE LEITORA NO IFSUL &#8211; BAG\u00c9<\/td><td>M\u00e9dio \/ T\u00e9cnico<\/td><td>Oral<\/td><td>Lingu\u00edstica, Letras e Artes<\/td><\/tr>\n<tr><td>VERMINOSE OVINA: ESTUDO DE CORRELA\u00c7\u00d5ES ENTRE PAR\u00c2METROS QUALITATIVOS E QUANTITATIVOS EM OVINOS INFECTADOS POR HAEMONCHUS CONTORTUS.<\/td><td>Superior<\/td><td>Oral<\/td><td>Ci\u00eancias Agr\u00e1rias<\/td><\/tr>\n<tr><td>EFEITO DA HIPERGRAVIDADE NO CRESCIMENTO INICIAL DO MILHO<\/td><td>Superior<\/td><td>Oral<\/td><td>Ci\u00eancias Biol\u00f3gicas<\/td><\/tr>\n<tr><td>AGRICULTURA DE PRECIS\u00c3O PARA PEQUENOS PRODUTORES: SOLU\u00c7\u00d5ES TECNOL\u00d3GICAS SIMPLES E ACESS\u00cdVEIS PARA MONITORAMENTO DO SOLO<\/td><td>Superior<\/td><td>Oral<\/td><td>Ci\u00eancias da Computa\u00e7\u00e3o<\/td><\/tr>\n<tr><td>QUEDA CAPILAR: TRATAMENTOS UTILIZADOS ENTRE FREQUENTADORES DE UM SAL\u00c3O DE BELEZA<\/td><td>Superior<\/td><td>Oral<\/td><td>Ci\u00eancias da Sa\u00fade<\/td><\/tr>\n<tr><td>ENTRE A INOVA\u00c7\u00c3O E A NECESSIDADE: UMA ABORDAGEM POL\u00cdTICA SOBRE A CONSTRU\u00c7\u00c3O DE EQUIPAMENTOS DE PESQUISA<\/td><td>Superior<\/td><td>Oral<\/td><td>Ci\u00eancias Exatas e da Terra<\/td><\/tr>\n<tr><td>&#8220;PERMAN\u00caNCIA NA UNIPAMPA-CAMPUS DOM PEDRITO: O QUE DIZEM OS ESTUDANTES?&#8221;<\/td><td>Superior<\/td><td>Oral<\/td><td>Ci\u00eancias Humanas<\/td><\/tr>\n<tr><td>ADSOR\u00c7\u00c3O DE GLIFOSATO EM CARV\u00c3O ATIVADO PRODUZIDO A PARTIR DO RES\u00cdDUO DE AC\u00c1CIA NEGRA (ACACIA MEARNSII DE WILD)<\/td><td>Superior<\/td><td>Oral<\/td><td>Engenharias<\/td><\/tr>\n<tr><td>OS MULTILETRAMENTOS EM EVID\u00caNCIA NA PRODU\u00c7\u00c3O DE UMA WEB R\u00c1DIO UNIVERSIT\u00c1RIA<\/td><td>Superior<\/td><td>Oral<\/td><td>Lingu\u00edstica, Letras e Artes<\/td><\/tr>\n<tr><td>FILMES BIODEGRAD\u00c1VEIS A PARTIR DO AMIDO DO CARO\u00c7O DE ABACATE:UMA REVIS\u00c3O<\/td><td>Superior<\/td><td>Oral<\/td><td>Tecnologia de Alimentos<\/td><\/tr><\/tbody><\/table><\/figure>\n\n\n\n<p class=\"has-text-align-center has-large-font-size\">Premia\u00e7\u00e3o geral<\/p>\n\n\n\n<figure class=\"wp-block-table is-style-stripes\"><table><thead><tr><th style=\"width: 80px;\">Posi\u00e7\u00e3o<\/th><th>T\u00edtulo<\/th><\/tr><\/thead><tbody><tr><td style=\"text-align: center;\">1\u00ba<\/td><td>OS MULTILETRAMENTOS EM EVID\u00caNCIA NA PRODU\u00c7\u00c3O DE UMA WEB R\u00c1DIO UNIVERSIT\u00c1RIA<\/td><\/tr><tr><td style=\"text-align: center;\">2\u00ba<\/td><td>OS MULTILETRAMENTOS EM EVID\u00caNCIA NA PRODU\u00c7\u00c3O DE UMA WEB R\u00c1DIO UNIVERSIT\u00c1RIA<\/td><\/tr><tr><td style=\"text-align: center;\">3\u00ba<\/td><td>&#8220;PERMAN\u00caNCIA NA UNIPAMPA-CAMPUS DOM PEDRITO: O QUE DIZEM OS ESTUDANTES?&#8221;<\/td><\/tr><\/tbody><\/table><\/figure>\n\n\n\n<p><\/p>\n","protected":false},"excerpt":{"rendered":"<p>Melhores trabalhos por categoria T\u00edtulo Escolaridade Modalidade \u00c1rea do conhecimento PROJETO \u00c1GUA PARA TODOS: ARROIO BAG\u00c9 E SUAS PROPRIEDADES Fundamental P\u00f4ster Ci\u00eancias da natureza e suas tecnologias UM RESGATE HIST\u00d3RICO DO MARCO GA\u00daCHO DAS \u00c1GUAS Fundamental P\u00f4ster Ci\u00eancias humanas e suas tecnologias A MODELAGEM 3D E O PECS NA CRIA\u00c7\u00c3O DE UM MATERIAL ASSISTIVO PARA [&hellip;]<\/p>\n","protected":false},"author":1,"featured_media":0,"parent":0,"menu_order":0,"comment_status":"closed","ping_status":"closed","template":"","meta":[],"_links":{"self":[{"href":"http:\/\/www2.bage.ifsul.edu.br\/encif2024\/index.php\/wp-json\/wp\/v2\/pages\/676"}],"collection":[{"href":"http:\/\/www2.bage.ifsul.edu.br\/encif2024\/index.php\/wp-json\/wp\/v2\/pages"}],"about":[{"href":"http:\/\/www2.bage.ifsul.edu.br\/encif2024\/index.php\/wp-json\/wp\/v2\/types\/page"}],"author":[{"embeddable":true,"href":"http:\/\/www2.bage.ifsul.edu.br\/encif2024\/index.php\/wp-json\/wp\/v2\/users\/1"}],"replies":[{"embeddable":true,"href":"http:\/\/www2.bage.ifsul.edu.br\/encif2024\/index.php\/wp-json\/wp\/v2\/comments?post=676"}],"version-history":[{"count":8,"href":"http:\/\/www2.bage.ifsul.edu.br\/encif2024\/index.php\/wp-json\/wp\/v2\/pages\/676\/revisions"}],"predecessor-version":[{"id":828,"href":"http:\/\/www2.bage.ifsul.edu.br\/encif2024\/index.php\/wp-json\/wp\/v2\/pages\/676\/revisions\/828"}],"wp:attachment":[{"href":"http:\/\/www2.bage.ifsul.edu.br\/encif2024\/index.php\/wp-json\/wp\/v2\/media?parent=676"}],"curies":[{"name":"wp","href":"https:\/\/api.w.org\/{rel}","templated":true}]}}