{"id":7,"date":"2015-05-28T14:01:11","date_gmt":"2015-05-28T17:01:11","guid":{"rendered":"http:\/\/127.0.0.1\/wordpress\/?page_id=7"},"modified":"2024-11-06T10:35:34","modified_gmt":"2024-11-06T13:35:34","slug":"programacao","status":"publish","type":"page","link":"http:\/\/www2.bage.ifsul.edu.br\/encif2024\/index.php\/programacao\/","title":{"rendered":"Programa\u00e7\u00e3o"},"content":{"rendered":"<h1 style=\"text-align: center;\">07 de novembro de 2024<\/h1>\n<h3 style=\"text-align: center;\">NOITE<\/h3>\n<p style=\"text-align: justify;\">19:00 \u2013 Apresenta\u00e7\u00e3o Cultural<br \/>19:30 \u2013 Palestra de Abertura &#8220;O impacto da Intelig\u00eancia Artificial (IA) na Educa\u00e7\u00e3o: personaliza\u00e7\u00e3o e Aprendizagem Significativa (AS)&#8221; (Prof. Dr. Rafhael Werlang &#8211; Unipampa\/Ca\u00e7apava do Sul)<br \/>20:45 \u2013 Palestra &#8220;Da l\u00f3gica ao Layout: desenvolvimento de carreira em design e processos no Figma&#8221; (Patric Dutra)<\/p>\n<h1 style=\"text-align: center;\">08 de novembro de 2024<\/h1>\n<h3 style=\"text-align: center;\">MANH\u00c3<\/h3>\n<p style=\"text-align: justify;\">08:30 \u2013 12:00 &#8211; Apresenta\u00e7\u00e3o de p\u00f4steres &#8211; Ensino Fundamental<br \/>08:30 \u2013 12:00 &#8211; Oficinas e Minicursos (detalhes ao final da p\u00e1gina)<br \/>08:30 \u2013 12:00 &#8211; Mostra dos Est\u00e1gios dos Estudantes do curso T\u00e9cnico em Agropecu\u00e1ria<br \/>08:30 \u2013 12:00 &#8211; Stands dos projetos de ensino, pesquisa e extens\u00e3o do IFSul &#8211; C\u00e2mpus Bag\u00e9 (Sagu\u00e3o do Bloco Administrativo)<br \/>09:00 \u2013 10:00 &#8211; Avalia\u00e7\u00e3o dos P\u00f4steres<br \/>10:00 \u2013 10:15 &#8211; Intervalo<\/p>\n<h3 style=\"text-align: center;\">TARDE<\/h3>\n<p style=\"text-align: justify;\">13:30 \u2013 17:30 &#8211; Apresenta\u00e7\u00e3o de p\u00f4steres &#8211; Ensino M\u00e9dio<br \/>13:30 \u2013 17:30 &#8211; Oficinas e Minicursos (detalhes ao final da p\u00e1gina)<br \/>13:30 \u2013 17:30 &#8211; Stands dos projetos de ensino, pesquisa e extens\u00e3o do IFSul &#8211; C\u00e2mpus Bag\u00e9 (Sagu\u00e3o do Bloco Administrativo)<br \/>15:00 \u2013 16:00 &#8211; Avalia\u00e7\u00e3o dos P\u00f4steres<br \/>16:00 \u2013 16:15 &#8211; Intervalo<\/p>\n<h3 style=\"text-align: center;\">NOITE<\/h3>\n<p style=\"text-align: justify;\">17:30 \u2013 Mostra de projetos do curso de Engenharia Agron\u00f4mica<br \/>19:00 \u2013 Oficina &#8220;Ferramentas Inteligentes para Pesquisadores: Como Aumentar a Produtividade com Uso de LaTeX na Escrita Cient\u00edfica e Ferramentas de IA para Revis\u00e3o Bibliogr\u00e1fica&#8221; (Prof. Dr. Leandro Camargo\/IFSul &#8211; campus Bag\u00e9) [20 vagas para alunos do curso superior Tecnologia em Alimentos]<br \/>20:00 \u2013 20:15 &#8211; Intervalo<\/p>\n<h1 style=\"text-align: center;\">09 de novembro de 2024<\/h1>\n<h3 style=\"text-align: center;\">MANH\u00c3<\/h3>\n<p style=\"text-align: justify;\">08:30 \u2013 12:00 &#8211; Apresenta\u00e7\u00f5es Orais &#8211; Ensino M\u00e9dio e Superior<br \/>10:00 \u2013 10:15 &#8211; Intervalo<\/p>\n<h3 style=\"text-align: center;\">TARDE<\/h3>\n<p style=\"text-align: justify;\">13:30 \u2013 16:30 &#8211; Apresenta\u00e7\u00f5es Orais &#8211; Ensino M\u00e9dio e Superior<br \/>16:00 \u2013 16:15 &#8211; Intervalo<br \/>17:00 \u2013 Premia\u00e7\u00f5es<\/p>\n\n\n<p><\/p>\n\n\n\n<h3 class=\"has-text-align-center\">PROGRAMA\u00c7\u00c3O DE OFICINAS E MINICURSOS<\/h3>\n\n\n\n<h4 class=\"has-text-align-center\"><strong>08\/11 &#8211; Manh\u00e3<\/strong><\/h4>\n\n\n\n<p><strong>Apicultura (<\/strong>Geilson da Cruz Vogel e Gil Ignacio Lara Canizares) &#8211; 8h30 \u00e0s 12h e 13h40 \u00e0s 15h &#8211; Sala 202 &#8211; 15 vagas<\/p>\n\n\n\n<p><strong>Meliponicultura <\/strong>(Carlo Andrei e Gil Ignacio Lara Canizares) &#8211; 8h30 &#8211; Sala 201 &#8211; 15 vagas<\/p>\n\n\n\n<p><strong>IFSul em Cena: t\u00e9cnicas b\u00e1sicas para quem quer iniciar teatro <\/strong>(M\u00e1rlon Posqui) &#8211; 8h30 &#8211; Audit\u00f3rio&nbsp; &#8211; 20 vagas<\/p>\n\n\n\n<p><strong>HTML e Bootstrap na Pr\u00e1tica: construindo p\u00e1ginas web <\/strong>(Diego Porcellis) &#8211; 8h30 &#8211; Sala Lab 2 &#8211; 20 vagas<\/p>\n\n\n\n<p><strong>No\u00e7\u00f5es de estat\u00edstica experimental e an\u00e1lise de dados em R <\/strong>(Ygor Mota Soca Machado) <strong>&#8211; <\/strong>8h30 &#8211; Sala Lab 4 &#8211; 15 vagas<\/p>\n\n\n\n<p><strong>A Era da Conectividade: Internet das Coisas <\/strong>(Leandro da Silva Camargo<strong>) &#8211;<\/strong> 8h30 &#8211; Sala Lab 1 &#8211; 20 vagas<\/p>\n\n\n\n<p><strong>Verminose ovina: teoria e pr\u00e1tica do manejo<\/strong> (Andressa Cass\u00e3o e Ana Carolina de Pellegrin) &#8211; 8h30 &#8211; Sala 205 &#8211; 15 vagas<\/p>\n\n\n\n<p><strong>Modelagem de prote\u00ednas e o pr\u00eamio Nobel de Qu\u00edmica 2025&nbsp; <\/strong>(Pablo Nogara) &#8211; 8h30 e 13h30 &#8211; Sala Lab 3 &#8211; 20 vagas<\/p>\n\n\n\n<p><strong>Pr\u00e1ticas musicais em conjunto <\/strong>(Matheus de Carvalho Leite e grupo) &#8211; 8h30 &#8211; Sala 204 &#8211; 20 vagas.<\/p>\n\n\n\n<p><strong>Fabrica\u00e7\u00e3o de sab\u00e3o a partir de \u00f3leo de cozinha usado <\/strong>(Cec\u00edlia Concilio de Melo, Miguel Fernandes de Borba e Gabriel Fernandes de Borba) &#8211; 8h30 &#8211; Sala 209\/Lab de bromatologia &#8211; 15 vagas<\/p>\n\n\n\n<p><strong>Oficina de produ\u00e7\u00e3o de composteiras com garrafas pet<\/strong> (Isadora Ferreira Valente, Isadora Gomes de Souza, Joici Mara Soares Gon\u00e7alves e Mait\u00ea Masson Jacinto) &#8211; 8h30 &#8211; Sala 212 &#8211; 20 vagas<\/p>\n\n\n\n<h4 class=\"has-text-align-center\"><strong>08\/11 &#8211; Tarde<\/strong><\/h4>\n\n\n\n<p><strong>Apicultura <\/strong>(Geilson da Cruz Vogel e Gil Ignacio Lara Canizares)<strong> <\/strong>&#8211; 13h40 \u00e0s 15h &#8211; Sala 202 &#8211; 15 vagas [continua\u00e7\u00e3o da manh\u00e3]<\/p>\n\n\n\n<p><strong>Modelagem de prote\u00ednas e o pr\u00eamio Nobel de Qu\u00edmica 2025 <\/strong>(Pablo Nogara) &#8211; 13h30 &#8211; Sala Lab 3 &#8211; 30 vagas [continua\u00e7\u00e3o da manh\u00e3]<\/p>\n\n\n\n<p><strong>No\u00e7\u00f5es de estat\u00edstica experimental e an\u00e1lise de dados em R <\/strong>(Ygor Mota Soca Machado) &#8211; 13h30 &#8211; Sala Lab 4 &#8211; 15 vagas<\/p>\n\n\n\n<p><strong>Montando e desmontando PCs: um curso pr\u00e1tico <\/strong>(Lucas Irala de Azeredo e Ingrid Peruchena Peres) &#8211; 13h30 &#8211; Sala Lab 5 &#8211; 20 vagas<\/p>\n\n\n\n<p><strong>Cinema e mem\u00f3ria: narrativas, olhares e pr\u00e1ticas audiovisuais <\/strong>(Adriana Gon\u00e7alves Ferreira) &#8211; 13h30 &#8211; Sala 204 &#8211; 20 vagas<\/p>\n\n\n\n<p><strong>Introdu\u00e7\u00e3o de IA para detec\u00e7\u00e3o de objetos com YOLO <\/strong>(Luis Felipe Barbosa Lopes e Rodrigo Chibiaque Correa) &#8211; 13h30 &#8211; Sala Lab 1 &#8211; 20 vagas<\/p>\n\n\n\n<p><strong>Oficina de Inova\u00e7\u00e3o: Cria\u00e7\u00e3o de Planos de Neg\u00f3cio com Canvas da proposta de valor<\/strong> (\u00c9rico Amaral) &#8211; 13h30 &#8211; Sala\u00a0 Lab 2 &#8211; 15 vagas<\/p>\n\n\n\n<p><strong>Projeto movimento<\/strong> &#8211; (Lucas Coelho) &#8211; 13h30 &#8211; Sala 212 &#8211; 15 vagas<\/p>\n","protected":false},"excerpt":{"rendered":"<p>07 de novembro de 2024 NOITE 19:00 \u2013 Apresenta\u00e7\u00e3o Cultural19:30 \u2013 Palestra de Abertura &#8220;O impacto da Intelig\u00eancia Artificial (IA) na Educa\u00e7\u00e3o: personaliza\u00e7\u00e3o e Aprendizagem Significativa (AS)&#8221; (Prof. Dr. Rafhael Werlang &#8211; Unipampa\/Ca\u00e7apava do Sul)20:45 \u2013 Palestra &#8220;Da l\u00f3gica ao Layout: desenvolvimento de carreira em design e processos no Figma&#8221; (Patric Dutra) 08 de novembro [&hellip;]<\/p>\n","protected":false},"author":1,"featured_media":0,"parent":0,"menu_order":0,"comment_status":"closed","ping_status":"closed","template":"","meta":[],"_links":{"self":[{"href":"http:\/\/www2.bage.ifsul.edu.br\/encif2024\/index.php\/wp-json\/wp\/v2\/pages\/7"}],"collection":[{"href":"http:\/\/www2.bage.ifsul.edu.br\/encif2024\/index.php\/wp-json\/wp\/v2\/pages"}],"about":[{"href":"http:\/\/www2.bage.ifsul.edu.br\/encif2024\/index.php\/wp-json\/wp\/v2\/types\/page"}],"author":[{"embeddable":true,"href":"http:\/\/www2.bage.ifsul.edu.br\/encif2024\/index.php\/wp-json\/wp\/v2\/users\/1"}],"replies":[{"embeddable":true,"href":"http:\/\/www2.bage.ifsul.edu.br\/encif2024\/index.php\/wp-json\/wp\/v2\/comments?post=7"}],"version-history":[{"count":46,"href":"http:\/\/www2.bage.ifsul.edu.br\/encif2024\/index.php\/wp-json\/wp\/v2\/pages\/7\/revisions"}],"predecessor-version":[{"id":820,"href":"http:\/\/www2.bage.ifsul.edu.br\/encif2024\/index.php\/wp-json\/wp\/v2\/pages\/7\/revisions\/820"}],"wp:attachment":[{"href":"http:\/\/www2.bage.ifsul.edu.br\/encif2024\/index.php\/wp-json\/wp\/v2\/media?parent=7"}],"curies":[{"name":"wp","href":"https:\/\/api.w.org\/{rel}","templated":true}]}}